{"id":3678,"date":"2020-01-28T17:44:45","date_gmt":"2020-01-28T17:44:45","guid":{"rendered":"http:\/\/www.ayex.es\/ayexlegal\/?page_id=3678"},"modified":"2020-03-04T10:56:56","modified_gmt":"2020-03-04T10:56:56","slug":"golden-visa","status":"publish","type":"page","link":"https:\/\/ayex.es\/ayexlegal\/golden-visa\/","title":{"rendered":"Golden Visa"},"content":{"rendered":"<section id=\"bt_bb_section69f8a5ecbba00\" class=\"bt_bb_section bt_bb_layout_boxed_1200\"  data-bt-override-class=\"null\"><div class=\"bt_bb_port\"><div class=\"bt_bb_cell\"><div class=\"bt_bb_cell_inner\"><div class=\"bt_bb_row \"  data-bt-override-class=\"{}\"><div class=\"bt_bb_row_holder\" ><div  class=\"bt_bb_column col-xl-12 bt_bb_align_left bt_bb_padding_normal\"  data-width=\"12\" data-bt-override-class=\"{}\"><div class=\"bt_bb_column_content bt_bb_vertical_align_top bt_bb_color_scheme_\"><div class=\"bt_bb_column_content_inner\"><div class=\" bt_bb_row_inner\"   data-bt-override-class=\"{}\"><div class=\"bt_bb_row_inner_holder\"  ><div  class=\"bt_bb_column_inner col-xl-12 bt_bb_align_center bt_bb_vertical_align_top bt_bb_padding_normal\"  data-width=\"12\" data-bt-override-class=\"{}\"><div class=\"bt_bb_column_inner_content\"><div class=\"bt_bb_image bt_bb_shape_square bt_bb_target_self bt_bb_align_inherit bt_bb_hover_style_simple bt_bb_content_display_always bt_bb_content_align_middle\" data-bt-override-class=\"{}\"><span><img loading=\"lazy\" decoding=\"async\" width=\"768\" height=\"542\" src=\"https:\/\/ayex.es\/ayexlegal\/wp-content\/uploads\/2020\/02\/education-1651259_1920-768x542.jpg\" class=\"attachment-medium_large size-medium_large\" alt=\"https:\/\/ayex.es\/ayexlegal\/wp-content\/uploads\/2020\/02\/education-1651259_1920-768x542.jpg\" data-full_image_src=\"https:\/\/ayex.es\/ayexlegal\/wp-content\/uploads\/2020\/02\/education-1651259_1920.jpg\" title=\"education-1651259_1920\" srcset=\"https:\/\/ayex.es\/ayexlegal\/wp-content\/uploads\/2020\/02\/education-1651259_1920-768x542.jpg 768w, https:\/\/ayex.es\/ayexlegal\/wp-content\/uploads\/2020\/02\/education-1651259_1920-640x452.jpg 640w, https:\/\/ayex.es\/ayexlegal\/wp-content\/uploads\/2020\/02\/education-1651259_1920-1280x903.jpg 1280w, https:\/\/ayex.es\/ayexlegal\/wp-content\/uploads\/2020\/02\/education-1651259_1920-1536x1084.jpg 1536w, https:\/\/ayex.es\/ayexlegal\/wp-content\/uploads\/2020\/02\/education-1651259_1920-320x226.jpg 320w, https:\/\/ayex.es\/ayexlegal\/wp-content\/uploads\/2020\/02\/education-1651259_1920.jpg 1920w\" sizes=\"auto, (max-width: 768px) 100vw, 768px\" \/><\/span><\/div><\/div><\/div><\/div><\/div><div class=\"bt_bb_separator bt_bb_border_style_none bt_bb_top_spacing_normal bt_bb_bottom_spacing_normal\" data-bt-override-class=\"null\"><\/div><header class=\"bt_bb_headline bt_bb_font_weight_semi-bold bt_bb_dash_none bt_bb_size_inherit bt_bb_align_inherit\" data-bt-override-class=\"{}\"><h5 class=\"bt_bb_headline_tag\"><span class=\"bt_bb_headline_content\"><span>Ya puedes invertir en espa\u00f1a y conseguir la residencia a trav\u00e9s de la llamada \u201cGolden Visa\u201d<\/span><\/span><\/h5><\/header><div class=\"bt_bb_separator bt_bb_border_style_none bt_bb_top_spacing_medium\" data-bt-override-class=\"null\"><\/div><div  class=\"bt_bb_text\" ><\/p>\n<p style=\"text-align: justify;\">La Ley 13\/2014 se\u00a0dirige a los inversores, emprendedores, profesionales altamente cualificados, investigadores y trabajadores que efect\u00faen movimientos intraempresariales, as\u00ed como a los c\u00f3nyuges e hijos menores de 18 a\u00f1os.<\/p>\n<p style=\"text-align: justify;\">Esta ley contempla una agilizaci\u00f3n de la tramitaci\u00f3n, estableciendo con car\u00e1cter general un plazo de resoluci\u00f3n de 10 d\u00edas para todos los visados que se incluyen en la\u00a0ley.<\/p>\n<p style=\"text-align: justify;\">El visado de residencia que se expida al amparo de la presente Ley constituye t\u00edtulo suficiente para residir en Espa\u00f1a durante un a\u00f1o sin necesidad de tramitar la tarjeta de identidad\u00a0de\u00a0extranjero.<\/p>\n<p style=\"text-align: justify;\">La renovaci\u00f3n de la residencia podr\u00e1 efectuarse a\u00fan existiendo ausencias superiores a seis meses al a\u00f1o en el caso de visados de residencia y autorizaciones para inversores extranjeros o trabajadores extranjeros de empresas\u00a0 que realizando actividades en el extranjero tengan fijada su base de operaciones en Espa\u00f1a.\u200b<\/p>\n<p>LOS TIPOS DE VISADOS QUE SE PUEDEN OBTENER A TRAV\u00c9S DE ESTA LEY SON:<\/p>\n<p>\n<\/div><div class=\"bt_bb_separator bt_bb_border_style_none bt_bb_top_spacing_normal\" data-bt-override-class=\"null\"><\/div><div class=\"bt_bb_accordion bt_bb_color_scheme_9 bt_bb_style_filled\" style=\"; --accordion-primary-color:#191919; --accordion-secondary-color:#002a46;\" data-closed=closed><div class=\"bt_bb_accordion_item\"><div class=\"bt_bb_accordion_item_title\">VISADO DE RESIDENCIA PARA EMPRENDEDORES Y ACTIVIDAD EMPRESARIAL (REM).<\/div><div class=\"bt_bb_accordion_item_content\"><div  class=\"bt_bb_text\" ><\/p>\n<p>Bajo este supuesto tienen cabida tanto\u00a0los inversores que presenten un proyecto empresarial que vaya a ser desarrollado en Espa\u00f1a y que sea considerado y acreditado como de inter\u00e9s general, como los que tengan previsto entrar y permanecer en Espa\u00f1a por un periodo de un a\u00f1o con el fin \u00fanico o principal de llevar a cabo los tr\u00e1mites previos para poder desarrollar una actividad emprendedora.<\/p>\n<p><strong>En el primer caso\u00a0<\/strong>el interesado deber\u00e1 presentar un informe favorable de la Oficina Comercial del \u00e1mbito de demarcaci\u00f3n geogr\u00e1fica donde el inversor presente la solicitud del visado, para constatar que en el proyecto empresarial presentado concurren razones de inter\u00e9s general.<\/p>\n<p>Debe de tenerse en cuenta que es admisible una inversi\u00f3n significativa de capital cuando la inversi\u00f3n la lleva a cabo una persona jur\u00eddica, domiciliada en un territorio que no tenga la consideraci\u00f3n de para\u00edso fiscal conforme a la normativa espa\u00f1ola, y el extranjero posea directa o indirectamente, la mayor\u00eda de los derechos de voto y tenga la facultad de nombrar o destituir\u00a0a la mayor\u00eda de\u00a0los miembros\u00a0de su\u00a0\u00f3rgano de administraci\u00f3n.<\/p>\n<p><strong>En el caso de los Emprendedores<\/strong>,\u00a0se entender\u00e1 como\u00a0actividad\u00a0emprendedora aquella que sea de car\u00e1cter innovador con\u00a0especial inter\u00e9s para Espa\u00f1a\u00a0y a tal efecto cuente con un informe favorable de la Oficina Comercial donde el inversor presente la solicitud del visado.<\/p>\n<p>\n<\/div><\/div><\/div><div class=\"bt_bb_accordion_item\"><div class=\"bt_bb_accordion_item_title\">VISADO DE RESIDENCIA POR ADQUISICI\u00d3N DE BIENES INMUEBLES (RIV).<\/div><div class=\"bt_bb_accordion_item_content\"><div  class=\"bt_bb_text\" ><\/p>\n<p>Podr\u00e1n solicitar este visado los extranjeros que acrediten la adquisici\u00f3n de bienes inmuebles en Espa\u00f1a con una inversi\u00f3n de valor igual o superior a\u00a0500.000\u20ac.<\/p>\n<p>Adem\u00e1s de los requisitos establecidos con car\u00e1cter general, el solicitante deber\u00e1 acreditar haber adquirido la propiedad de los bienes inmuebles mediante certificaci\u00f3n con informaci\u00f3n continuada de dominio y cargas del Registro de la Propiedad que corresponda al inmueble. Dicha certificaci\u00f3n tendr\u00e1 que ser emitida dentro de los 90 d\u00edas anteriores a la presentaci\u00f3n de la solicitud del visado de residencia. Si en momento de la solicitud del visado la\u00a0adquisici\u00f3n de los inmuebles se\u00a0encontrara\u00a0en tr\u00e1mite de inscripci\u00f3n\u00a0en el\u00a0Registro de la Propiedad, ser\u00e1 suficiente la presentaci\u00f3n de\u00a0la certificaci\u00f3n\u00a0en la que conste vigente\u00a0el asiento\u00a0de\u00a0presentaci\u00f3n\u00a0del documento de adquisici\u00f3n, acompa\u00f1ada\u00a0de la documentaci\u00f3n acreditativa del pago de los tributos correspondientes.<\/p>\n<p>El solicitante\u00a0deber\u00e1 acreditar disponer de una inversi\u00f3n en bienes inmuebles de 500.000\u20ac libre de toda carga o gravamen. La parte de la inversi\u00f3n que exceda del importe exigido podr\u00e1 estar sometida a carga o gravamen.<\/p>\n<p>\n<\/div><\/div><\/div><div class=\"bt_bb_accordion_item\"><div class=\"bt_bb_accordion_item_title\">VISADO DE RESIDENCIA PARA PROFESIONALES ALTAMENTE CUALIFICADOS (TAC).<\/div><div class=\"bt_bb_accordion_item_content\"><div  class=\"bt_bb_text\" ><\/p>\n<p>La\u00a0solicitud de este visado\u00a0requiere que por\u00a0parte de la empresa se lleve a cabo la tramitaci\u00f3n previa en Espa\u00f1a\u00a0de una Autorizaci\u00f3n de Residencia para\u00a0profesionales altamente cualificados,\u00a0tramitaci\u00f3n que se realizar\u00e1\u00a0en la Unidad de Grandes Empresas\u00a0y\u00a0Colectivos\u00a0Estrat\u00e9gicos. Su concesi\u00f3n corresponder\u00e1\u00a0a la Direcci\u00f3n General de Migraciones.<\/p>\n<p>\n<\/div><\/div><\/div><div class=\"bt_bb_accordion_item\"><div class=\"bt_bb_accordion_item_title\">VISADO DE RESIDENCIA PARA FORMACI\u00d3N O INVESTIGACI\u00d3N (RIN).<\/div><div class=\"bt_bb_accordion_item_content\"><div  class=\"bt_bb_text\" ><\/p>\n<p>Bajo este visado se contemplan la casu\u00edstica relativa a extranjeros que desean realizar actividades de formaci\u00f3n, investigaci\u00f3n, desarrollo e innovaci\u00f3n en entidades p\u00fablicas o privadas. Tales casos son:<\/p>\n<ol>\n<li style=\"list-style-type: none;\">\n<ol>\n<li><strong>El Personal Investigador\u00a0<\/strong>al que se refieren el art\u00edculo 13 y la disposici\u00f3n adicional de la Ley 14\/2011, de 1 de Junio, de la Ciencia, la Tecnolog\u00eda y la Innovaci\u00f3n.<\/li>\n<li><strong>El Personal Cient\u00edfico y T\u00e9cnico\u00a0<\/strong>que\u00a0lleve a cabo trabajos de investigaci\u00f3n cient\u00edfica, desarrollo e innovaci\u00f3n tecnol\u00f3gica, en entidades empresariales o centros de I+D+I establecidos en Espa\u00f1a.<\/li>\n<li><strong>Los investigadores\u00a0<\/strong>acogidos en el marco de un convenio por organismos de investigaci\u00f3n p\u00fablicos o privados, en las condiciones que se establezcan reglamentariamente.<\/li>\n<\/ol>\n<\/li>\n<\/ol>\n<p>Los profesores contratados por universidades, \u00f3rganos o centros de educaci\u00f3n superior e investigaci\u00f3n, o escuelas de negocios establecidos en Espa\u00f1a de acuerdo con los criterios que se establezcan reglamentariamente.<\/p>\n<p>\n<\/div><\/div><\/div><div class=\"bt_bb_accordion_item\"><div class=\"bt_bb_accordion_item_title\">VISADO DE RESIDENCIA POR TRASLADO EMPRESARIAL (TTI).<\/div><div class=\"bt_bb_accordion_item_content\"><div  class=\"bt_bb_text\" ><\/p>\n<p>Podr\u00e1 ser tramitado por aquellos extranjeros que se desplacen a Espa\u00f1a en el marco de una relaci\u00f3n laboral, profesional o por motivos de formaci\u00f3n profesional, con una empresa establecida en Espa\u00f1a o en otro pa\u00eds.<\/p>\n<p>La\u00a0solicitud de este visado\u00a0requiere que por\u00a0parte de la empresa se lleve a cabo la tramitaci\u00f3n previa en Espa\u00f1a\u00a0de una Autorizaci\u00f3n de Residencia por traslado Intraempresarial,\u00a0tramitaci\u00f3n que se realizar\u00e1\u00a0en la Unidad de Grandes Empresas\u00a0y\u00a0Colectivos\u00a0Estrat\u00e9gicos. Su concesi\u00f3n corresponder\u00e1\u00a0a la Direcci\u00f3n General de Migraciones.<\/p>\n<p>\n<\/div><\/div><\/div><div class=\"bt_bb_accordion_item\"><div class=\"bt_bb_accordion_item_title\">VISADO DE RESIDENCIA PARA FAMILIARES (RFI).<\/div><div class=\"bt_bb_accordion_item_content\"><div  class=\"bt_bb_text\" ><\/p>\n<p>La nueva Ley\u00a0establece que\u00a0<strong>el c\u00f3nyuge y los hijos menores de 18 a\u00f1os<\/strong>, o mayores de edad que no sean objetivamente capaces de proveer sus propias necesidades debido a su estado de salud, que se re\u00fanan o acompa\u00f1en\u00a0a \u00e9l\u00a0 podr\u00e1n solicitar un visado de residencia.<\/p>\n<p>Adem\u00e1s de los requisitos generales deber\u00e1n de acreditar su relaci\u00f3n familiar.<\/p>\n<p>\n<\/div><\/div><\/div><\/div><div class=\"bt_bb_separator bt_bb_border_style_none bt_bb_top_spacing_normal\" data-bt-override-class=\"null\"><\/div><div class=\" bt_bb_row_inner\"   data-bt-override-class=\"{}\"><div class=\"bt_bb_row_inner_holder\"  ><div  class=\"bt_bb_column_inner col-xl-12 bt_bb_align_center bt_bb_vertical_align_top bt_bb_padding_normal\"  data-width=\"12\" data-bt-override-class=\"{}\"><div class=\"bt_bb_column_inner_content\"><div class=\"bt_bb_service bt_bb_style_outline bt_bb_size_small bt_bb_shape_square bt_bb_target_blank bt_bb_align_inherit\" data-bt-override-class=\"{}\"><span  data-ico-dripicons=\"&#xe94d;\" class=\"bt_bb_icon_holder\"><\/span><div class=\"bt_bb_service_content\"><div class=\"bt_bb_service_content_text\">PUEDES DESCARGARTE EL ESQUEMA DE LOS TIPOS DE VISADO A TRAV\u00c9S DE NUESTRA SECCI\u00d3N DE ACTUALIDAD<\/div><\/div><\/div><div class=\"bt_bb_separator bt_bb_border_style_none bt_bb_top_spacing_normal\" data-bt-override-class=\"null\"><\/div><div class=\"bt_bb_button bt_bb_color_scheme_5 bt_bb_style_filled bt_bb_size_normal bt_bb_width_inline bt_bb_shape_square bt_bb_align_inherit btWithIcon\" style=\"; --button-primary-color:#191919; --button-secondary-color:#faba51;\" data-bt-override-class=\"{}\"><a href=\"https:\/\/ayex.es\/ayexlegal\/#contact-us\" target=\"_self\" class=\"bt_bb_link\" title=\"\u00a1Solic\u00edtala Ya!\"><div class=\"bt_bb_icon\"><span  data-ico-dripicons=\"&#xe947;\" class=\"bt_bb_icon_holder\"><\/span><\/div><div class=\"bt_bb_link\"><span class=\"bt_bb_button_text\">\u00a1Solic\u00edtala Ya!<\/span><\/div><\/a><\/div><div class=\"bt_bb_separator bt_bb_border_style_none\" data-bt-override-class=\"null\"><\/div><\/div><\/div><\/div><\/div><\/div><\/div><\/div><\/div><\/div><div class=\"bt_bb_row \"  data-bt-override-class=\"{}\"><div class=\"bt_bb_row_holder\" ><\/div><\/div><\/div><!-- cell_inner --><\/div><!-- cell --><\/div><!-- port --><\/section>\n","protected":false},"excerpt":{"rendered":"","protected":false},"author":1,"featured_media":0,"parent":0,"menu_order":0,"comment_status":"closed","ping_status":"closed","template":"","meta":{"footnotes":""},"class_list":["post-3678","page","type-page","status-publish","hentry"],"yoast_head":"<!-- This site is optimized with the Yoast SEO plugin v27.4 - https:\/\/yoast.com\/product\/yoast-seo-wordpress\/ -->\n<title>Golden Visa - Ayex Legal - Servicios de inmigraci\u00f3n y relocation<\/title>\n<meta name=\"description\" content=\"Abogados expertos en servicios de inmigraci\u00f3n, extranjer\u00eda y relocation para empresas y particulares.\" \/>\n<meta name=\"robots\" content=\"index, follow, max-snippet:-1, max-image-preview:large, max-video-preview:-1\" \/>\n<link rel=\"canonical\" href=\"https:\/\/ayex.es\/ayexlegal\/golden-visa\/\" \/>\n<meta property=\"og:locale\" content=\"es_ES\" \/>\n<meta property=\"og:type\" content=\"article\" \/>\n<meta property=\"og:title\" content=\"Golden Visa - Ayex Legal - Servicios de inmigraci\u00f3n y relocation\" \/>\n<meta property=\"og:description\" content=\"Abogados expertos en servicios de inmigraci\u00f3n, extranjer\u00eda y relocation para empresas y particulares.\" \/>\n<meta property=\"og:url\" content=\"https:\/\/ayex.es\/ayexlegal\/golden-visa\/\" \/>\n<meta property=\"og:site_name\" content=\"Ayex Legal - Servicios de inmigraci\u00f3n y relocation\" \/>\n<meta property=\"article:publisher\" content=\"https:\/\/www.facebook.com\/AYEXLEGAL\" \/>\n<meta property=\"article:modified_time\" content=\"2020-03-04T10:56:56+00:00\" \/>\n<meta name=\"twitter:card\" content=\"summary_large_image\" \/>\n<meta name=\"twitter:label1\" content=\"Tiempo de lectura\" \/>\n\t<meta name=\"twitter:data1\" content=\"9 minutos\" \/>\n<script type=\"application\/ld+json\" class=\"yoast-schema-graph\">{\"@context\":\"https:\\\/\\\/schema.org\",\"@graph\":[{\"@type\":\"WebPage\",\"@id\":\"https:\\\/\\\/ayex.es\\\/ayexlegal\\\/golden-visa\\\/\",\"url\":\"https:\\\/\\\/ayex.es\\\/ayexlegal\\\/golden-visa\\\/\",\"name\":\"Golden Visa - Ayex Legal - Servicios de inmigraci\u00f3n y relocation\",\"isPartOf\":{\"@id\":\"https:\\\/\\\/ayex.es\\\/ayexlegal\\\/#website\"},\"datePublished\":\"2020-01-28T17:44:45+00:00\",\"dateModified\":\"2020-03-04T10:56:56+00:00\",\"description\":\"Abogados expertos en servicios de inmigraci\u00f3n, extranjer\u00eda y relocation para empresas y particulares.\",\"breadcrumb\":{\"@id\":\"https:\\\/\\\/ayex.es\\\/ayexlegal\\\/golden-visa\\\/#breadcrumb\"},\"inLanguage\":\"es\",\"potentialAction\":[{\"@type\":\"ReadAction\",\"target\":[\"https:\\\/\\\/ayex.es\\\/ayexlegal\\\/golden-visa\\\/\"]}]},{\"@type\":\"BreadcrumbList\",\"@id\":\"https:\\\/\\\/ayex.es\\\/ayexlegal\\\/golden-visa\\\/#breadcrumb\",\"itemListElement\":[{\"@type\":\"ListItem\",\"position\":1,\"name\":\"Portada\",\"item\":\"https:\\\/\\\/ayex.es\\\/ayexlegal\\\/\"},{\"@type\":\"ListItem\",\"position\":2,\"name\":\"Golden Visa\"}]},{\"@type\":\"WebSite\",\"@id\":\"https:\\\/\\\/ayex.es\\\/ayexlegal\\\/#website\",\"url\":\"https:\\\/\\\/ayex.es\\\/ayexlegal\\\/\",\"name\":\"Ayex Legal - Servicios de inmigraci\u00f3n y relocation\",\"description\":\"Despacho de abogados especialistas en servicios migratorios y relocation, expatriados, tarjetas de trabajo, tarjetas de estudiante, tarjetas de residencia y visados.\",\"publisher\":{\"@id\":\"https:\\\/\\\/ayex.es\\\/ayexlegal\\\/#organization\"},\"potentialAction\":[{\"@type\":\"SearchAction\",\"target\":{\"@type\":\"EntryPoint\",\"urlTemplate\":\"https:\\\/\\\/ayex.es\\\/ayexlegal\\\/?s={search_term_string}\"},\"query-input\":{\"@type\":\"PropertyValueSpecification\",\"valueRequired\":true,\"valueName\":\"search_term_string\"}}],\"inLanguage\":\"es\"},{\"@type\":\"Organization\",\"@id\":\"https:\\\/\\\/ayex.es\\\/ayexlegal\\\/#organization\",\"name\":\"Ayex Legal\",\"url\":\"https:\\\/\\\/ayex.es\\\/ayexlegal\\\/\",\"logo\":{\"@type\":\"ImageObject\",\"inLanguage\":\"es\",\"@id\":\"https:\\\/\\\/ayex.es\\\/ayexlegal\\\/#\\\/schema\\\/logo\\\/image\\\/\",\"url\":\"https:\\\/\\\/www.ayex.es\\\/ayexlegal\\\/wp-content\\\/uploads\\\/2020\\\/01\\\/logo-web.png\",\"contentUrl\":\"https:\\\/\\\/www.ayex.es\\\/ayexlegal\\\/wp-content\\\/uploads\\\/2020\\\/01\\\/logo-web.png\",\"width\":360,\"height\":130,\"caption\":\"Ayex Legal\"},\"image\":{\"@id\":\"https:\\\/\\\/ayex.es\\\/ayexlegal\\\/#\\\/schema\\\/logo\\\/image\\\/\"},\"sameAs\":[\"https:\\\/\\\/www.facebook.com\\\/AYEXLEGAL\",\"http:\\\/\\\/www.linkedin.com\\\/company\\\/ayex-legal\"]}]}<\/script>\n<!-- \/ Yoast SEO plugin. -->","yoast_head_json":{"title":"Golden Visa - Ayex Legal - Servicios de inmigraci\u00f3n y relocation","description":"Abogados expertos en servicios de inmigraci\u00f3n, extranjer\u00eda y relocation para empresas y particulares.","robots":{"index":"index","follow":"follow","max-snippet":"max-snippet:-1","max-image-preview":"max-image-preview:large","max-video-preview":"max-video-preview:-1"},"canonical":"https:\/\/ayex.es\/ayexlegal\/golden-visa\/","og_locale":"es_ES","og_type":"article","og_title":"Golden Visa - Ayex Legal - Servicios de inmigraci\u00f3n y relocation","og_description":"Abogados expertos en servicios de inmigraci\u00f3n, extranjer\u00eda y relocation para empresas y particulares.","og_url":"https:\/\/ayex.es\/ayexlegal\/golden-visa\/","og_site_name":"Ayex Legal - Servicios de inmigraci\u00f3n y relocation","article_publisher":"https:\/\/www.facebook.com\/AYEXLEGAL","article_modified_time":"2020-03-04T10:56:56+00:00","twitter_card":"summary_large_image","twitter_misc":{"Tiempo de lectura":"9 minutos"},"schema":{"@context":"https:\/\/schema.org","@graph":[{"@type":"WebPage","@id":"https:\/\/ayex.es\/ayexlegal\/golden-visa\/","url":"https:\/\/ayex.es\/ayexlegal\/golden-visa\/","name":"Golden Visa - Ayex Legal - Servicios de inmigraci\u00f3n y relocation","isPartOf":{"@id":"https:\/\/ayex.es\/ayexlegal\/#website"},"datePublished":"2020-01-28T17:44:45+00:00","dateModified":"2020-03-04T10:56:56+00:00","description":"Abogados expertos en servicios de inmigraci\u00f3n, extranjer\u00eda y relocation para empresas y particulares.","breadcrumb":{"@id":"https:\/\/ayex.es\/ayexlegal\/golden-visa\/#breadcrumb"},"inLanguage":"es","potentialAction":[{"@type":"ReadAction","target":["https:\/\/ayex.es\/ayexlegal\/golden-visa\/"]}]},{"@type":"BreadcrumbList","@id":"https:\/\/ayex.es\/ayexlegal\/golden-visa\/#breadcrumb","itemListElement":[{"@type":"ListItem","position":1,"name":"Portada","item":"https:\/\/ayex.es\/ayexlegal\/"},{"@type":"ListItem","position":2,"name":"Golden Visa"}]},{"@type":"WebSite","@id":"https:\/\/ayex.es\/ayexlegal\/#website","url":"https:\/\/ayex.es\/ayexlegal\/","name":"Ayex Legal - Servicios de inmigraci\u00f3n y relocation","description":"Despacho de abogados especialistas en servicios migratorios y relocation, expatriados, tarjetas de trabajo, tarjetas de estudiante, tarjetas de residencia y visados.","publisher":{"@id":"https:\/\/ayex.es\/ayexlegal\/#organization"},"potentialAction":[{"@type":"SearchAction","target":{"@type":"EntryPoint","urlTemplate":"https:\/\/ayex.es\/ayexlegal\/?s={search_term_string}"},"query-input":{"@type":"PropertyValueSpecification","valueRequired":true,"valueName":"search_term_string"}}],"inLanguage":"es"},{"@type":"Organization","@id":"https:\/\/ayex.es\/ayexlegal\/#organization","name":"Ayex Legal","url":"https:\/\/ayex.es\/ayexlegal\/","logo":{"@type":"ImageObject","inLanguage":"es","@id":"https:\/\/ayex.es\/ayexlegal\/#\/schema\/logo\/image\/","url":"https:\/\/www.ayex.es\/ayexlegal\/wp-content\/uploads\/2020\/01\/logo-web.png","contentUrl":"https:\/\/www.ayex.es\/ayexlegal\/wp-content\/uploads\/2020\/01\/logo-web.png","width":360,"height":130,"caption":"Ayex Legal"},"image":{"@id":"https:\/\/ayex.es\/ayexlegal\/#\/schema\/logo\/image\/"},"sameAs":["https:\/\/www.facebook.com\/AYEXLEGAL","http:\/\/www.linkedin.com\/company\/ayex-legal"]}]}},"post_mailing_queue_ids":[],"_links":{"self":[{"href":"https:\/\/ayex.es\/ayexlegal\/wp-json\/wp\/v2\/pages\/3678","targetHints":{"allow":["GET"]}}],"collection":[{"href":"https:\/\/ayex.es\/ayexlegal\/wp-json\/wp\/v2\/pages"}],"about":[{"href":"https:\/\/ayex.es\/ayexlegal\/wp-json\/wp\/v2\/types\/page"}],"author":[{"embeddable":true,"href":"https:\/\/ayex.es\/ayexlegal\/wp-json\/wp\/v2\/users\/1"}],"replies":[{"embeddable":true,"href":"https:\/\/ayex.es\/ayexlegal\/wp-json\/wp\/v2\/comments?post=3678"}],"version-history":[{"count":56,"href":"https:\/\/ayex.es\/ayexlegal\/wp-json\/wp\/v2\/pages\/3678\/revisions"}],"predecessor-version":[{"id":4218,"href":"https:\/\/ayex.es\/ayexlegal\/wp-json\/wp\/v2\/pages\/3678\/revisions\/4218"}],"wp:attachment":[{"href":"https:\/\/ayex.es\/ayexlegal\/wp-json\/wp\/v2\/media?parent=3678"}],"curies":[{"name":"wp","href":"https:\/\/api.w.org\/{rel}","templated":true}]}}