{"id":3886,"date":"2020-02-25T16:07:32","date_gmt":"2020-02-25T16:07:32","guid":{"rendered":"http:\/\/www.ayex.es\/ayexlegal\/?page_id=3886"},"modified":"2020-03-04T10:23:21","modified_gmt":"2020-03-04T10:23:21","slug":"otros-servicios-formacion","status":"publish","type":"page","link":"https:\/\/ayex.es\/ayexlegal\/otros-servicios-formacion\/","title":{"rendered":"Otros servicios: Formaci\u00f3n"},"content":{"rendered":"<p><section id=\"bt_bb_section69ee18a9ef01d\" class=\"bt_bb_section bt_bb_color_scheme_10 bt_bb_layout_boxed_1200 bt_bb_vertical_align_top bt_bb_top_spacing_large bt_bb_bottom_spacing_large\" style=\"; --section-primary-color:#ffffff; --section-secondary-color:#002a46;;background-color:#0f1625;\" data-bt-override-class=\"null\"><div class=\"bt_bb_port\"><div class=\"bt_bb_cell\"><div class=\"bt_bb_cell_inner\"><div class=\"bt_bb_row \"  data-bt-override-class=\"{}\"><div class=\"bt_bb_row_holder\" ><div  class=\"bt_bb_column col-xl-12 bt_bb_align_center bt_bb_padding_50\"  data-width=\"12\" data-bt-override-class=\"{}\"><div class=\"bt_bb_column_content bt_bb_vertical_align_middle bt_bb_color_scheme_\"><div class=\"bt_bb_column_content_inner\"><div class=\"bt_bb_separator bt_bb_border_style_none bt_bb_bottom_spacing_medium bt_bb_hidden_xs bt_bb_hidden_ms bt_bb_hidden_sm\" data-bt-override-class=\"null\"><\/div><header class=\"bt_bb_headline bt_bb_color_scheme_6 bt_bb_dash_none bt_bb_superheadline bt_bb_size_extralarge bt_bb_align_inherit\" style=\"; --primary-color:#ffffff; --secondary-color:#faba51;\" data-bt-override-class=\"{}\"><h2 class=\"bt_bb_headline_tag\"><span class=\"bt_bb_headline_superheadline\">OTROS SERVICIOS: FORMACI\u00d3N<\/span><span class=\"bt_bb_headline_content\"><span>Gesti\u00f3n del trabajador expatriado<\/span><\/span><\/h2><\/header><div class=\"bt_bb_separator bt_bb_border_style_none bt_bb_bottom_spacing_normal bt_bb_hidden_xs bt_bb_hidden_ms bt_bb_hidden_sm\" data-bt-override-class=\"null\"><\/div><\/div><\/div><\/div><\/div><\/div><\/div><!-- cell_inner --><\/div><!-- cell --><\/div><!-- port --><\/section><section id=\"bt_bb_section69ee18a9ef1ee\" class=\"bt_bb_section bt_bb_layout_wide bt_bb_vertical_align_top bt_bb_negative_margin_large\"  data-bt-override-class=\"null\"><div class=\"bt_bb_port\"><div class=\"bt_bb_cell\"><div class=\"bt_bb_cell_inner\"><div class=\"bt_bb_row  bt_bb_layout_special btOverlapRight\"  data-bt-override-class=\"{}\"><div class=\"bt_bb_row_holder\" ><div  class=\"bt_bb_column col-xl-6 bt_bb_align_left bt_bb_padding_normal\"  data-width=\"6\" data-bt-override-class=\"{}\"><div class=\"bt_bb_column_content bt_bb_vertical_align_top bt_bb_color_scheme_ bt_bb_column_background_image\" style=\"background-image:url(&#039;https:\/\/ayex.es\/ayexlegal\/wp-content\/uploads\/2020\/01\/ayex-formacion.jpg&#039;);\"><div class=\"bt_bb_column_content_inner\"><div class=\"bt_bb_separator bt_bb_border_style_none bt_bb_bottom_spacing_extra_large\" data-bt-override-class=\"null\"><\/div><\/div><\/div><\/div><div  class=\"bt_bb_column col-xl-6 btWithIcon bt_bb_align_left bt_bb_icon_color_scheme_6 bt_bb_padding_normal\" style=\"; --column-icon-primary-color:#ffffff; --column-icon-secondary-color:#faba51;\" data-width=\"6\" data-bt-override-class=\"{}\"><div class=\"bt_bb_column_content bt_bb_vertical_align_top bt_bb_color_scheme_\"><div class=\"bt_bb_column_icon\"><span  data-ico-business=\"&#xf185;\" class=\"bt_bb_icon_holder\"><\/span><\/div><div class=\"bt_bb_column_content_inner\"><header class=\"bt_bb_headline bt_bb_color_scheme_14 bt_bb_dash_none bt_bb_size_normal bt_bb_align_inherit\" style=\"; --primary-color:#002a46; --secondary-color:#faba51;\" data-bt-override-class=\"{}\"><h3 class=\"bt_bb_headline_tag\"><span class=\"bt_bb_headline_content\"><span>Talleres formativos<br \/><br \/>\n<\/span><\/span><\/h3><\/header><div class=\"bt_bb_separator bt_bb_border_style_none bt_bb_bottom_spacing_normal\" data-bt-override-class=\"null\"><\/div><div  class=\"bt_bb_text\" ><\/p>\n<p>Desde Ayex Legal te ofrecemos varios talleres formativos <em>in Company<\/em> dirigidos a Departamentos de RR.HH., Directores de RR.HH., T\u00e9cnicos de RR.HH., Departamentos Jur\u00eddicos y todas aquellas personas interesadas en el campo de la <strong>gesti\u00f3n del trabajador expatriado<\/strong>.<\/p>\n<p>\n<\/div><\/div><\/div><\/div><\/div><\/div><\/div><!-- cell_inner --><\/div><!-- cell --><\/div><!-- port --><\/section><section id=\"bt_bb_section69ee18a9ef59f\" class=\"bt_bb_section bt_bb_layout_boxed_1200\"  data-bt-override-class=\"null\"><div class=\"bt_bb_port\"><div class=\"bt_bb_cell\"><div class=\"bt_bb_cell_inner\"><div class=\"bt_bb_row \"  data-bt-override-class=\"{}\"><div class=\"bt_bb_row_holder\" ><div  class=\"bt_bb_column col-xl-12 bt_bb_align_left bt_bb_padding_normal\"  data-width=\"12\" data-bt-override-class=\"{}\"><div class=\"bt_bb_column_content bt_bb_vertical_align_top bt_bb_color_scheme_\"><div class=\"bt_bb_column_content_inner\"><div class=\"bt_bb_separator bt_bb_border_style_none bt_bb_top_spacing_normal\" data-bt-override-class=\"null\"><\/div><div  class=\"bt_bb_text\" ><\/p>\n<p>Son talleres formativos con las siguientes caracter\u00edsticas:<\/p>\n<ul>\n<li>Formaci\u00f3n de<strong>\u00a0corta duraci\u00f3n<\/strong>\u00a0y especializada en\u00a0<strong>un \u00fanico tema de m\u00e1ximo inter\u00e9s y actualidad<\/strong>\u00a0dirigido\u00a0al desarrollo profesional y\/o personal.<\/li>\n<li><strong>Metodolog\u00eda eminentemente pr\u00e1ctica<\/strong>\u00a0para una\u00a0<strong>aplicaci\u00f3n inmediata al puesto de trabajo<\/strong>\u00a0de\u00a0los conocimientos adquiridos.<\/li>\n<\/ul>\n<p>\n<\/div><div class=\"bt_bb_separator bt_bb_border_style_none bt_bb_top_spacing_normal\" data-bt-override-class=\"null\"><\/div><div class=\"bt_bb_button bt_bb_color_scheme_5 bt_bb_style_outline bt_bb_size_normal bt_bb_width_inline bt_bb_shape_inherit bt_bb_align_inherit\" style=\"; --button-primary-color:#191919; --button-secondary-color:#faba51;\" data-bt-override-class=\"{}\"><a href=\"https:\/\/ayex.es\/ayexlegal\/documents\/ayex-taller-gestion-expatriados.pdf\" target=\"_blank\" class=\"bt_bb_link\" title=\"Descargar PDF del curso\"><span class=\"bt_bb_button_text\">Descargar PDF del curso<\/span><\/a><\/div><div class=\"bt_bb_separator bt_bb_border_style_none bt_bb_top_spacing_extra_large\" data-bt-override-class=\"null\"><\/div><\/div><\/div><\/div><\/div><\/div><\/div><!-- cell_inner --><\/div><!-- cell --><\/div><!-- port --><\/section><section id=\"bt_bb_section69ee18a9ef70b\" class=\"bt_bb_section bt_bb_layout_wide bt_bb_vertical_align_top bt_bb_negative_margin_large\"  data-bt-override-class=\"null\"><div class=\"bt_bb_port\"><div class=\"bt_bb_cell\"><div class=\"bt_bb_cell_inner\"><div class=\"bt_bb_row  bt_bb_layout_special btOverlapRight\"  data-bt-override-class=\"{}\"><div class=\"bt_bb_row_holder\" ><div  class=\"bt_bb_column col-xl-6 bt_bb_align_left bt_bb_padding_normal\"  data-width=\"6\" data-bt-override-class=\"{}\"><div class=\"bt_bb_column_content bt_bb_vertical_align_top bt_bb_color_scheme_ bt_bb_column_background_image\" style=\"background-image:url(&#039;https:\/\/ayex.es\/ayexlegal\/wp-content\/uploads\/2020\/02\/computer-desk-laptop-stethoscope-48604.jpg&#039;);\"><div class=\"bt_bb_column_content_inner\"><div class=\"bt_bb_separator bt_bb_border_style_none bt_bb_bottom_spacing_extra_large\" data-bt-override-class=\"null\"><\/div><\/div><\/div><\/div><div  class=\"bt_bb_column col-xl-6 btWithIcon bt_bb_align_left bt_bb_icon_color_scheme_6 bt_bb_padding_normal\" style=\"; --column-icon-primary-color:#ffffff; --column-icon-secondary-color:#faba51;\" data-width=\"6\" data-bt-override-class=\"{}\"><div class=\"bt_bb_column_content bt_bb_vertical_align_top bt_bb_color_scheme_\"><div class=\"bt_bb_column_icon\"><span  data-ico-icon7stroke=\"&#xe66d;\" class=\"bt_bb_icon_holder\"><\/span><\/div><div class=\"bt_bb_column_content_inner\"><header class=\"bt_bb_headline bt_bb_color_scheme_14 bt_bb_dash_none bt_bb_size_normal bt_bb_align_inherit\" style=\"; --primary-color:#002a46; --secondary-color:#faba51;\" data-bt-override-class=\"{}\"><h3 class=\"bt_bb_headline_tag\"><span class=\"bt_bb_headline_content\"><span>Clases de espa\u00f1ol para extranjeros<\/span><\/span><\/h3><\/header><div class=\"bt_bb_separator bt_bb_border_style_none bt_bb_bottom_spacing_normal\" data-bt-override-class=\"null\"><\/div><div  class=\"bt_bb_text\" ><\/p>\n<p>Dirigido a:<\/p>\n<ul>\n<li>Empleados reci\u00e9n llegados que necesitan entender nuestro idioma.<\/li>\n<li>Extranjeros que quieran obtener un nivel b\u00e1sico de espa\u00f1ol.<\/li>\n<\/ul>\n<p>\n<\/div><\/div><\/div><\/div><\/div><\/div><\/div><!-- cell_inner --><\/div><!-- cell --><\/div><!-- port --><\/section><section id=\"bt_bb_section69ee18a9ef99c\" class=\"bt_bb_section bt_bb_layout_boxed_1200\"  data-bt-override-class=\"null\"><div class=\"bt_bb_port\"><div class=\"bt_bb_cell\"><div class=\"bt_bb_cell_inner\"><div class=\"bt_bb_row \"  data-bt-override-class=\"{}\"><div class=\"bt_bb_row_holder\" ><div  class=\"bt_bb_column col-xl-12 bt_bb_align_left bt_bb_padding_normal\"  data-width=\"12\" data-bt-override-class=\"{}\"><div class=\"bt_bb_column_content bt_bb_vertical_align_top bt_bb_color_scheme_\"><div class=\"bt_bb_column_content_inner\"><div class=\"bt_bb_separator bt_bb_border_style_none bt_bb_top_spacing_medium\" data-bt-override-class=\"null\"><\/div><header class=\"bt_bb_headline bt_bb_dash_gray bt_bb_size_small bt_bb_align_inherit\" data-bt-override-class=\"{}\"><h2 class=\"bt_bb_headline_tag\"><span class=\"bt_bb_headline_content\"><span>Si te interesa cualquiera de los cursos de formaci\u00f3n no dudes en ponerte en contacto con nosotros, <strong>\u00a1estaremos encantados de informarte!<\/strong>.<\/span><\/span><\/h2><\/header><div class=\"bt_bb_separator bt_bb_border_style_none bt_bb_top_spacing_medium\" data-bt-override-class=\"null\"><\/div><\/div><\/div><\/div><\/div><\/div><\/div><!-- cell_inner --><\/div><!-- cell --><\/div><!-- port --><\/section><section id=\"bt_bb_section69ee18a9efa61\" class=\"bt_bb_section bt_bb_layout_wide bt_bb_vertical_align_top\"  data-bt-override-class=\"null\"><div class=\"bt_bb_port\"><div class=\"bt_bb_cell\"><div class=\"bt_bb_cell_inner\"><div class=\"bt_bb_row  bt_bb_layout_special btOverlapRight\"  data-bt-override-class=\"{}\"><div class=\"bt_bb_row_holder\" ><div  class=\"bt_bb_column col-xl-6 bt_bb_align_right bt_bb_padding_normal\"  data-width=\"6\" data-bt-override-class=\"{}\"><div class=\"bt_bb_column_content bt_bb_vertical_align_top bt_bb_color_scheme_ bt_bb_column_background_image\" style=\"background-image:url(&#039;https:\/\/ayex.es\/ayexlegal\/wp-content\/uploads\/2019\/11\/inner_background_02.jpg&#039;);\"><div class=\"bt_bb_column_content_inner\"><div class=\"bt_bb_separator bt_bb_border_style_none bt_bb_bottom_spacing_130\" data-bt-override-class=\"null\"><\/div><header class=\"bt_bb_headline bt_bb_color_scheme_6 bt_bb_dash_none bt_bb_superheadline bt_bb_size_medium bt_bb_align_inherit\" style=\"; --primary-color:#ffffff; --secondary-color:#faba51;\" data-bt-override-class=\"{}\"><h3 class=\"bt_bb_headline_tag\"><span class=\"bt_bb_headline_superheadline\">CONTACTA CON AYEX LEGAL<\/span><span class=\"bt_bb_headline_content\"><span><strong>Ll\u00e1manos<\/strong> ahora o <strong>contacta<\/strong> con nosotros por e-mail.<\/span><\/span><\/h3><\/header><div class=\"bt_bb_separator bt_bb_border_style_none bt_bb_bottom_spacing_50\" data-bt-override-class=\"null\"><\/div><div class=\"bt_bb_button bt_bb_color_scheme_6 bt_bb_icon_color_scheme_6 bt_bb_style_outline bt_bb_size_large bt_bb_width_inline bt_bb_shape_square bt_bb_align_inherit btWithIcon\" style=\"; --button-primary-color:#ffffff; --button-secondary-color:#faba51;; --button-icon-primary-color:#ffffff; --button-icon-secondary-color:#faba51;\" data-bt-override-class=\"{}\"><a href=\"#\" target=\"_self\" class=\"bt_bb_link\" title=\"+0034 911 226 738\"><div class=\"bt_bb_icon\"><span  data-ico-icon7stroke=\"&#xe670;\" class=\"bt_bb_icon_holder\"><\/span><\/div><div class=\"bt_bb_link\"><span class=\"bt_bb_button_text\">+0034 911 226 738<\/span><\/div><\/a><\/div><\/div><\/div><\/div><div  class=\"bt_bb_column col-xl-6 btWithIcon bt_bb_align_left bt_bb_icon_color_scheme_6 bt_bb_padding_normal\" style=\"; --column-icon-primary-color:#ffffff; --column-icon-secondary-color:#faba51;\" data-width=\"6\" data-bt-override-class=\"{}\"><div class=\"bt_bb_column_content bt_bb_vertical_align_top bt_bb_color_scheme_\"><div class=\"bt_bb_column_icon\"><span  data-ico-icon7stroke=\"&#xe62c;\" class=\"bt_bb_icon_holder\"><\/span><\/div><div class=\"bt_bb_column_content_inner\"><header class=\"bt_bb_headline bt_bb_color_scheme_14 bt_bb_dash_none bt_bb_size_medium bt_bb_align_inherit\" style=\"; --primary-color:#002a46; --secondary-color:#faba51;\" data-bt-override-class=\"{}\"><h3 class=\"bt_bb_headline_tag\"><span class=\"bt_bb_headline_content\"><span>Te llamamos sin coste para t\u00ed<\/span><\/span><\/h3><\/header><div class=\"bt_bb_separator bt_bb_border_style_none bt_bb_bottom_spacing_normal\" data-bt-override-class=\"null\"><\/div><div class=\"bt_bb_contact_form_7\">\n<div class=\"wpcf7 no-js\" id=\"wpcf7-f3643-o1\" lang=\"en-US\" dir=\"ltr\" data-wpcf7-id=\"3643\">\n<div class=\"screen-reader-response\"><p role=\"status\" aria-live=\"polite\" aria-atomic=\"true\"><\/p> <ul><\/ul><\/div>\n<form action=\"\/ayexlegal\/wp-json\/wp\/v2\/pages\/3886#wpcf7-f3643-o1\" method=\"post\" class=\"wpcf7-form init\" aria-label=\"Contact form\" novalidate=\"novalidate\" data-status=\"init\">\n<fieldset class=\"hidden-fields-container\"><input type=\"hidden\" name=\"_wpcf7\" value=\"3643\" \/><input type=\"hidden\" name=\"_wpcf7_version\" value=\"6.1.5\" \/><input type=\"hidden\" name=\"_wpcf7_locale\" value=\"en_US\" \/><input type=\"hidden\" name=\"_wpcf7_unit_tag\" value=\"wpcf7-f3643-o1\" \/><input type=\"hidden\" name=\"_wpcf7_container_post\" value=\"0\" \/><input type=\"hidden\" name=\"_wpcf7_posted_data_hash\" value=\"\" \/><input type=\"hidden\" name=\"_wpcf7_recaptcha_response\" value=\"\" \/>\n<\/fieldset>\n<div class=\"btForm\">\n\t<div class=\"btFormRow btFlex\">\n\t\t<div class=\"btFormColumn\">\n\t\t\t<p><span class=\"wpcf7-form-control-wrap\" data-name=\"your-name\"><input size=\"40\" maxlength=\"400\" class=\"wpcf7-form-control wpcf7-text wpcf7-validates-as-required\" aria-required=\"true\" aria-invalid=\"false\" placeholder=\"Nombre y apellidos*\" value=\"\" type=\"text\" name=\"your-name\" \/><\/span>\n\t\t\t<\/p>\n\t\t<\/div>\n\t\t<div class=\"btFormColumn\">\n\t\t\t<p><span class=\"wpcf7-form-control-wrap\" data-name=\"your-email\"><input size=\"40\" maxlength=\"400\" class=\"wpcf7-form-control wpcf7-email wpcf7-validates-as-required wpcf7-text wpcf7-validates-as-email\" aria-required=\"true\" aria-invalid=\"false\" placeholder=\"E-mail*\" value=\"\" type=\"email\" name=\"your-email\" \/><\/span>\n\t\t\t<\/p>\n\t\t<\/div>\n\t<\/div>\n\t<div class=\"btFormRow\">\n\t\t<div class=\"btFormColumn\">\n\t\t\t<p><span class=\"wpcf7-form-control-wrap\" data-name=\"your-tel\"><input size=\"40\" maxlength=\"400\" class=\"wpcf7-form-control wpcf7-tel wpcf7-text wpcf7-validates-as-tel\" aria-invalid=\"false\" placeholder=\"Tel\u00e9fono\" value=\"\" type=\"tel\" name=\"your-tel\" \/><\/span>\n\t\t\t<\/p>\n\t\t<\/div>\n\t<\/div>\n\t<div class=\"btFormRow\">\n\t\t<div class=\"btFormColumn\">\n\t\t\t<p><span class=\"wpcf7-form-control-wrap\" data-name=\"your-service\"><select class=\"wpcf7-form-control wpcf7-select wpcf7-validates-as-required\" aria-required=\"true\" aria-invalid=\"false\" name=\"your-service\"><option value=\"\">&#8212;Please choose an option&#8212;<\/option><option value=\"Servicios de inmigraci\u00f3n\">Servicios de inmigraci\u00f3n<\/option><option value=\"Golden Visa\">Golden Visa<\/option><option value=\"Seguros\">Seguros<\/option><option value=\"Formaci\u00f3n\">Formaci\u00f3n<\/option><option value=\"Relocation\">Relocation<\/option><option value=\"Otros servicios\">Otros servicios<\/option><\/select><\/span>\n\t\t\t<\/p>\n\t\t<\/div>\n\t<\/div>\n\t<div class=\"btFormRow\">\n\t\t<div class=\"btFormColumn\">\n\t\t\t<p><span class=\"wpcf7-form-control-wrap\" data-name=\"your-message\"><textarea cols=\"40\" rows=\"10\" maxlength=\"2000\" class=\"wpcf7-form-control wpcf7-textarea wpcf7-validates-as-required\" aria-required=\"true\" aria-invalid=\"false\" placeholder=\"Detalles*\" name=\"your-message\"><\/textarea><\/span>\n\t\t\t<\/p>\n\t\t<\/div>\n\t<\/div>\n\t<div class=\"btFormButton\">\n\t\t<p><input class=\"wpcf7-form-control wpcf7-submit has-spinner\" type=\"submit\" value=\"ENVIAR\" \/>\n\t\t<\/p>\n\t<\/div>\n<\/div><div class=\"wpcf7-response-output\" aria-hidden=\"true\"><\/div>\n<\/form>\n<\/div>\n<\/div><\/div><\/div><\/div><\/div><\/div><\/div><!-- cell_inner --><\/div><!-- cell --><\/div><!-- port --><\/section><section id=\"bt_bb_section69ee18a9f0c66\" class=\"bt_bb_section bt_bb_layout_boxed_1200\"  data-bt-override-class=\"null\"><div class=\"bt_bb_port\"><div class=\"bt_bb_cell\"><div class=\"bt_bb_cell_inner\"><div class=\"bt_bb_row \"  data-bt-override-class=\"{}\"><div class=\"bt_bb_row_holder\" ><div  class=\"bt_bb_column col-xl-12 bt_bb_align_left bt_bb_padding_normal\"  data-width=\"12\" data-bt-override-class=\"{}\"><div class=\"bt_bb_column_content bt_bb_vertical_align_top bt_bb_color_scheme_\"><div class=\"bt_bb_column_content_inner\"><div class=\"bt_bb_separator bt_bb_border_style_none bt_bb_top_spacing_normal\" data-bt-override-class=\"null\"><\/div><\/div><\/div><\/div><\/div><\/div><\/div><!-- cell_inner --><\/div><!-- cell --><\/div><!-- port --><\/section><\/p>\n","protected":false},"excerpt":{"rendered":"","protected":false},"author":1,"featured_media":0,"parent":0,"menu_order":0,"comment_status":"closed","ping_status":"closed","template":"","meta":{"footnotes":""},"class_list":["post-3886","page","type-page","status-publish","hentry"],"yoast_head":"<!-- This site is optimized with the Yoast SEO plugin v27.3 - https:\/\/yoast.com\/product\/yoast-seo-wordpress\/ -->\n<title>Otros servicios: Formaci\u00f3n - Ayex Legal - Servicios de inmigraci\u00f3n y relocation<\/title>\n<meta name=\"description\" content=\"Abogados expertos en servicios de inmigraci\u00f3n, extranjer\u00eda y relocation para empresas y particulares.\" \/>\n<meta name=\"robots\" content=\"index, follow, max-snippet:-1, max-image-preview:large, max-video-preview:-1\" \/>\n<link rel=\"canonical\" href=\"https:\/\/ayex.es\/ayexlegal\/otros-servicios-formacion\/\" \/>\n<meta property=\"og:locale\" content=\"es_ES\" \/>\n<meta property=\"og:type\" content=\"article\" \/>\n<meta property=\"og:title\" content=\"Otros servicios: Formaci\u00f3n - Ayex Legal - Servicios de inmigraci\u00f3n y relocation\" \/>\n<meta property=\"og:description\" content=\"Abogados expertos en servicios de inmigraci\u00f3n, extranjer\u00eda y relocation para empresas y particulares.\" \/>\n<meta property=\"og:url\" content=\"https:\/\/ayex.es\/ayexlegal\/otros-servicios-formacion\/\" \/>\n<meta property=\"og:site_name\" content=\"Ayex Legal - Servicios de inmigraci\u00f3n y relocation\" \/>\n<meta property=\"article:publisher\" content=\"https:\/\/www.facebook.com\/AYEXLEGAL\" \/>\n<meta property=\"article:modified_time\" content=\"2020-03-04T10:23:21+00:00\" \/>\n<meta name=\"twitter:card\" content=\"summary_large_image\" \/>\n<meta name=\"twitter:label1\" content=\"Tiempo de lectura\" \/>\n\t<meta name=\"twitter:data1\" content=\"10 minutos\" \/>\n<script type=\"application\/ld+json\" class=\"yoast-schema-graph\">{\"@context\":\"https:\\\/\\\/schema.org\",\"@graph\":[{\"@type\":\"WebPage\",\"@id\":\"https:\\\/\\\/ayex.es\\\/ayexlegal\\\/otros-servicios-formacion\\\/\",\"url\":\"https:\\\/\\\/ayex.es\\\/ayexlegal\\\/otros-servicios-formacion\\\/\",\"name\":\"Otros servicios: Formaci\u00f3n - Ayex Legal - Servicios de inmigraci\u00f3n y relocation\",\"isPartOf\":{\"@id\":\"https:\\\/\\\/ayex.es\\\/ayexlegal\\\/#website\"},\"datePublished\":\"2020-02-25T16:07:32+00:00\",\"dateModified\":\"2020-03-04T10:23:21+00:00\",\"description\":\"Abogados expertos en servicios de inmigraci\u00f3n, extranjer\u00eda y relocation para empresas y particulares.\",\"breadcrumb\":{\"@id\":\"https:\\\/\\\/ayex.es\\\/ayexlegal\\\/otros-servicios-formacion\\\/#breadcrumb\"},\"inLanguage\":\"es\",\"potentialAction\":[{\"@type\":\"ReadAction\",\"target\":[\"https:\\\/\\\/ayex.es\\\/ayexlegal\\\/otros-servicios-formacion\\\/\"]}]},{\"@type\":\"BreadcrumbList\",\"@id\":\"https:\\\/\\\/ayex.es\\\/ayexlegal\\\/otros-servicios-formacion\\\/#breadcrumb\",\"itemListElement\":[{\"@type\":\"ListItem\",\"position\":1,\"name\":\"Portada\",\"item\":\"https:\\\/\\\/ayex.es\\\/ayexlegal\\\/\"},{\"@type\":\"ListItem\",\"position\":2,\"name\":\"Otros servicios: Formaci\u00f3n\"}]},{\"@type\":\"WebSite\",\"@id\":\"https:\\\/\\\/ayex.es\\\/ayexlegal\\\/#website\",\"url\":\"https:\\\/\\\/ayex.es\\\/ayexlegal\\\/\",\"name\":\"Ayex Legal - Servicios de inmigraci\u00f3n y relocation\",\"description\":\"Despacho de abogados especialistas en servicios migratorios y relocation, expatriados, tarjetas de trabajo, tarjetas de estudiante, tarjetas de residencia y visados.\",\"publisher\":{\"@id\":\"https:\\\/\\\/ayex.es\\\/ayexlegal\\\/#organization\"},\"potentialAction\":[{\"@type\":\"SearchAction\",\"target\":{\"@type\":\"EntryPoint\",\"urlTemplate\":\"https:\\\/\\\/ayex.es\\\/ayexlegal\\\/?s={search_term_string}\"},\"query-input\":{\"@type\":\"PropertyValueSpecification\",\"valueRequired\":true,\"valueName\":\"search_term_string\"}}],\"inLanguage\":\"es\"},{\"@type\":\"Organization\",\"@id\":\"https:\\\/\\\/ayex.es\\\/ayexlegal\\\/#organization\",\"name\":\"Ayex Legal\",\"url\":\"https:\\\/\\\/ayex.es\\\/ayexlegal\\\/\",\"logo\":{\"@type\":\"ImageObject\",\"inLanguage\":\"es\",\"@id\":\"https:\\\/\\\/ayex.es\\\/ayexlegal\\\/#\\\/schema\\\/logo\\\/image\\\/\",\"url\":\"https:\\\/\\\/www.ayex.es\\\/ayexlegal\\\/wp-content\\\/uploads\\\/2020\\\/01\\\/logo-web.png\",\"contentUrl\":\"https:\\\/\\\/www.ayex.es\\\/ayexlegal\\\/wp-content\\\/uploads\\\/2020\\\/01\\\/logo-web.png\",\"width\":360,\"height\":130,\"caption\":\"Ayex Legal\"},\"image\":{\"@id\":\"https:\\\/\\\/ayex.es\\\/ayexlegal\\\/#\\\/schema\\\/logo\\\/image\\\/\"},\"sameAs\":[\"https:\\\/\\\/www.facebook.com\\\/AYEXLEGAL\",\"http:\\\/\\\/www.linkedin.com\\\/company\\\/ayex-legal\"]}]}<\/script>\n<!-- \/ Yoast SEO plugin. -->","yoast_head_json":{"title":"Otros servicios: Formaci\u00f3n - Ayex Legal - Servicios de inmigraci\u00f3n y relocation","description":"Abogados expertos en servicios de inmigraci\u00f3n, extranjer\u00eda y relocation para empresas y particulares.","robots":{"index":"index","follow":"follow","max-snippet":"max-snippet:-1","max-image-preview":"max-image-preview:large","max-video-preview":"max-video-preview:-1"},"canonical":"https:\/\/ayex.es\/ayexlegal\/otros-servicios-formacion\/","og_locale":"es_ES","og_type":"article","og_title":"Otros servicios: Formaci\u00f3n - Ayex Legal - Servicios de inmigraci\u00f3n y relocation","og_description":"Abogados expertos en servicios de inmigraci\u00f3n, extranjer\u00eda y relocation para empresas y particulares.","og_url":"https:\/\/ayex.es\/ayexlegal\/otros-servicios-formacion\/","og_site_name":"Ayex Legal - Servicios de inmigraci\u00f3n y relocation","article_publisher":"https:\/\/www.facebook.com\/AYEXLEGAL","article_modified_time":"2020-03-04T10:23:21+00:00","twitter_card":"summary_large_image","twitter_misc":{"Tiempo de lectura":"10 minutos"},"schema":{"@context":"https:\/\/schema.org","@graph":[{"@type":"WebPage","@id":"https:\/\/ayex.es\/ayexlegal\/otros-servicios-formacion\/","url":"https:\/\/ayex.es\/ayexlegal\/otros-servicios-formacion\/","name":"Otros servicios: Formaci\u00f3n - Ayex Legal - Servicios de inmigraci\u00f3n y relocation","isPartOf":{"@id":"https:\/\/ayex.es\/ayexlegal\/#website"},"datePublished":"2020-02-25T16:07:32+00:00","dateModified":"2020-03-04T10:23:21+00:00","description":"Abogados expertos en servicios de inmigraci\u00f3n, extranjer\u00eda y relocation para empresas y particulares.","breadcrumb":{"@id":"https:\/\/ayex.es\/ayexlegal\/otros-servicios-formacion\/#breadcrumb"},"inLanguage":"es","potentialAction":[{"@type":"ReadAction","target":["https:\/\/ayex.es\/ayexlegal\/otros-servicios-formacion\/"]}]},{"@type":"BreadcrumbList","@id":"https:\/\/ayex.es\/ayexlegal\/otros-servicios-formacion\/#breadcrumb","itemListElement":[{"@type":"ListItem","position":1,"name":"Portada","item":"https:\/\/ayex.es\/ayexlegal\/"},{"@type":"ListItem","position":2,"name":"Otros servicios: Formaci\u00f3n"}]},{"@type":"WebSite","@id":"https:\/\/ayex.es\/ayexlegal\/#website","url":"https:\/\/ayex.es\/ayexlegal\/","name":"Ayex Legal - Servicios de inmigraci\u00f3n y relocation","description":"Despacho de abogados especialistas en servicios migratorios y relocation, expatriados, tarjetas de trabajo, tarjetas de estudiante, tarjetas de residencia y visados.","publisher":{"@id":"https:\/\/ayex.es\/ayexlegal\/#organization"},"potentialAction":[{"@type":"SearchAction","target":{"@type":"EntryPoint","urlTemplate":"https:\/\/ayex.es\/ayexlegal\/?s={search_term_string}"},"query-input":{"@type":"PropertyValueSpecification","valueRequired":true,"valueName":"search_term_string"}}],"inLanguage":"es"},{"@type":"Organization","@id":"https:\/\/ayex.es\/ayexlegal\/#organization","name":"Ayex Legal","url":"https:\/\/ayex.es\/ayexlegal\/","logo":{"@type":"ImageObject","inLanguage":"es","@id":"https:\/\/ayex.es\/ayexlegal\/#\/schema\/logo\/image\/","url":"https:\/\/www.ayex.es\/ayexlegal\/wp-content\/uploads\/2020\/01\/logo-web.png","contentUrl":"https:\/\/www.ayex.es\/ayexlegal\/wp-content\/uploads\/2020\/01\/logo-web.png","width":360,"height":130,"caption":"Ayex Legal"},"image":{"@id":"https:\/\/ayex.es\/ayexlegal\/#\/schema\/logo\/image\/"},"sameAs":["https:\/\/www.facebook.com\/AYEXLEGAL","http:\/\/www.linkedin.com\/company\/ayex-legal"]}]}},"post_mailing_queue_ids":[],"_links":{"self":[{"href":"https:\/\/ayex.es\/ayexlegal\/wp-json\/wp\/v2\/pages\/3886","targetHints":{"allow":["GET"]}}],"collection":[{"href":"https:\/\/ayex.es\/ayexlegal\/wp-json\/wp\/v2\/pages"}],"about":[{"href":"https:\/\/ayex.es\/ayexlegal\/wp-json\/wp\/v2\/types\/page"}],"author":[{"embeddable":true,"href":"https:\/\/ayex.es\/ayexlegal\/wp-json\/wp\/v2\/users\/1"}],"replies":[{"embeddable":true,"href":"https:\/\/ayex.es\/ayexlegal\/wp-json\/wp\/v2\/comments?post=3886"}],"version-history":[{"count":24,"href":"https:\/\/ayex.es\/ayexlegal\/wp-json\/wp\/v2\/pages\/3886\/revisions"}],"predecessor-version":[{"id":4215,"href":"https:\/\/ayex.es\/ayexlegal\/wp-json\/wp\/v2\/pages\/3886\/revisions\/4215"}],"wp:attachment":[{"href":"https:\/\/ayex.es\/ayexlegal\/wp-json\/wp\/v2\/media?parent=3886"}],"curies":[{"name":"wp","href":"https:\/\/api.w.org\/{rel}","templated":true}]}}