{"id":3996,"date":"2020-02-27T16:59:22","date_gmt":"2020-02-27T16:59:22","guid":{"rendered":"http:\/\/www.ayex.es\/ayexlegal\/?page_id=3996"},"modified":"2020-02-27T17:58:41","modified_gmt":"2020-02-27T17:58:41","slug":"faq","status":"publish","type":"page","link":"https:\/\/ayex.es\/ayexlegal\/faq\/","title":{"rendered":"FAQ"},"content":{"rendered":"<section id=\"bt_bb_section69f9f3cd5258f\" class=\"bt_bb_section bt_bb_layout_boxed_1200\"  data-bt-override-class=\"null\"><div class=\"bt_bb_port\"><div class=\"bt_bb_cell\"><div class=\"bt_bb_cell_inner\"><div class=\"bt_bb_row \"  data-bt-override-class=\"{}\"><div class=\"bt_bb_row_holder\" ><div  class=\"bt_bb_column col-xl-12 bt_bb_align_left bt_bb_padding_normal\"  data-width=\"12\" data-bt-override-class=\"{}\"><div class=\"bt_bb_column_content bt_bb_vertical_align_top bt_bb_color_scheme_\"><div class=\"bt_bb_column_content_inner\"><header class=\"bt_bb_headline bt_bb_font_weight_semi-bold bt_bb_dash_none bt_bb_size_inherit bt_bb_align_inherit\" data-bt-override-class=\"{}\"><h5 class=\"bt_bb_headline_tag\"><span class=\"bt_bb_headline_content\"><span>Preguntas Frecuentes de Extranjer\u00eda (FAQ)<\/span><\/span><\/h5><\/header><div class=\"bt_bb_separator bt_bb_border_style_none bt_bb_top_spacing_normal\" data-bt-override-class=\"null\"><\/div><div class=\"bt_bb_accordion bt_bb_color_scheme_9 bt_bb_style_filled\" style=\"; --accordion-primary-color:#191919; --accordion-secondary-color:#002a46;\" data-closed=closed><div class=\"bt_bb_accordion_item\"><div class=\"bt_bb_accordion_item_title\">1. \u00bfNecesito visado para entrar en Espa\u00f1a?<\/div><div class=\"bt_bb_accordion_item_content\"><div  class=\"bt_bb_text\" ><\/p>\n<p style=\"margin-bottom: 18.0pt; text-align: justify;\">Si es una persona originaria de un pa\u00eds extra-comunitario y quiere venir a residir y\/o trabajar en Espa\u00f1a, tendr\u00e1 que solicitar un visado en el consulado de Espa\u00f1a en el pa\u00eds d\u00f3nde se encuentre residiendo.<\/p>\n<p style=\"margin-bottom: 18.0pt; text-align: justify;\"><span style=\"font-family: 'Source Sans Pro',sans-serif; color: #404040;\">Si viene a Espa\u00f1a como turista o para visitar a un familiar, necesitar\u00e1 un visado que debe solicitar en el consulado de Espa\u00f1a de su lugar de residencia siempre y cuando su pa\u00eds no tenga firmado un convenio de exenci\u00f3n de visado con Espa\u00f1a o el \u201c<em><span style=\"font-family: 'Source Sans Pro',sans-serif;\">espacio Schengen<\/span><\/em>\u201d, en cuyo caso no ser\u00e1 necesario.<\/span><\/p>\n<p>\n<\/div><\/div><\/div><div class=\"bt_bb_accordion_item\"><div class=\"bt_bb_accordion_item_title\">2. \u00bfSi me quedo en Espa\u00f1a de forma irregular puede obtener la autorizaci\u00f3n de residencia y trabajo?<\/div><div class=\"bt_bb_accordion_item_content\"><div  class=\"bt_bb_text\" ><\/p>\n<p>Por regla general, estando en Espa\u00f1a, s\u00f3lo podr\u00e1 obtener una autorizaci\u00f3n de residencia y trabajo por medio del arraigo social tras haber permanecido tres a\u00f1os en Espa\u00f1a. Entre otros documentos, tendr\u00e1 que presentar documentos que demuestren que ha estado en Espa\u00f1a durante tres a\u00f1os, y medios econ\u00f3micos propios o de un familiar directo para su sustento en Espa\u00f1a.<\/p>\n<p>Existen dos excepciones a esta regla general dentro de lo que se denomina arraigo familiar. Uno de los supuestos ser\u00eda el caso en que la persona sin documentaci\u00f3n tuviera una persona menor a su cargo de nacionalidad espa\u00f1ola, y el otro, el caso de ser hijo\/a de padre o madre originariamente espa\u00f1ol.<\/p>\n<p>Tras haber permanecido dos a\u00f1os en Espa\u00f1a y siempre y cuando se acredite la existencia de relaciones laborales cuya duraci\u00f3n no sea inferior a seis meses, por medio de una resoluci\u00f3n judicial o acta de conciliaci\u00f3n en v\u00eda judicial que la reconozca, o resoluci\u00f3n administrativa confirmatoria del acta de infracci\u00f3n de la Inspecci\u00f3n de Trabajo y Seguridad Social, podr\u00eda solicitar un arraigo laboral.<\/p>\n<p>\n<\/div><\/div><\/div><div class=\"bt_bb_accordion_item\"><div class=\"bt_bb_accordion_item_title\">3. \u00bfCu\u00e1les son los requisitos para la renovaci\u00f3n de la autorizaci\u00f3n de residencia y trabajo?<\/div><div class=\"bt_bb_accordion_item_content\"><div  class=\"bt_bb_text\" ><\/p>\n<p>Por regla general, para la renovaci\u00f3n de la autorizaci\u00f3n de residencia y trabajo es necesario que haya habido una cotizaci\u00f3n a la Seguridad Social.<\/p>\n<p>Para las autorizaciones de residencia y trabajo, si el\/la trabajador\/a ha cotizado al menos 3 meses por a\u00f1o, podr\u00e1 renovar si est\u00e1 trabajando en el momento de la renovaci\u00f3n, se encontr\u00f3 en b\u00fasqueda activa de empleo y perdi\u00f3 su \u00faltimo trabajo por causas ajenas a su voluntad.<\/p>\n<p>Si cotiz\u00f3 6 meses por a\u00f1o, podr\u00e1 renovar si est\u00e1 trabajando en el momento de la renovaci\u00f3n.<\/p>\n<p>Si cotiz\u00f3 9 meses por a\u00f1o no se necesitar\u00e1 presentar contrato si se demuestra que se ha estado buscando activamente empleo y perdi\u00f3 su \u00faltimo trabajo por causas ajenas a su voluntad.<\/p>\n<p>\n<\/div><\/div><\/div><div class=\"bt_bb_accordion_item\"><div class=\"bt_bb_accordion_item_title\">4. \u00bfCu\u00e1les son los requisitos para la obtenci\u00f3n de la autorizaci\u00f3n de residencia de larga duraci\u00f3n?<\/div><div class=\"bt_bb_accordion_item_content\"><div  class=\"bt_bb_text\" ><\/p>\n<p>Para la obtenci\u00f3n de la autorizaci\u00f3n de residencia de larga duraci\u00f3n se tiene que haber residido en Espa\u00f1a con autorizaci\u00f3n de residencia (y\/o residencia y trabajo) durante los \u00faltimos cinco a\u00f1os. No es necesario acreditar haber cotizado a la Seguridad Social, sin embargo, si se tendr\u00e1n en cuenta las salidas del pa\u00eds.<\/p>\n<p>La persona que pretenda solicitar la autorizaci\u00f3n de residencia de larga duraci\u00f3n no podr\u00e1 haber salido de Espa\u00f1a durante m\u00e1s de 10 meses en los \u00faltimos cinco a\u00f1os y nunca m\u00e1s de 6 meses seguidos. Se deber\u00e1 presentar la copia completa del pasaporte y si se hubiese cambiado este pasaporte dentro de los \u00faltimos cinco a\u00f1os deber\u00e1 tambi\u00e9n presentarse la copia completa del pasaporte anterior.<\/p>\n<p>\n<\/div><\/div><\/div><div class=\"bt_bb_accordion_item\"><div class=\"bt_bb_accordion_item_title\">5. \u00bfC\u00f3mo puede obtener la autorizaci\u00f3n de residencia de mi hijo\/a menor de edad?<\/div><div class=\"bt_bb_accordion_item_content\"><div  class=\"bt_bb_text\" ><\/p>\n<p>Si el\/la menor de edad naci\u00f3 en Espa\u00f1a, podr\u00e1 obtener una autorizaci\u00f3n de residencia si alguno\/a de sus progenitores\/as tiene la autorizaci\u00f3n de residencia en Espa\u00f1a. En este supuesto, solo ser\u00eda necesario demostrar la filiaci\u00f3n familiar y un empadronamiento familiar d\u00f3nde se encuentren residiendo.<\/p>\n<p>Si el\/la menor de edad no ha nacido en Espa\u00f1a y se encuentra en Espa\u00f1a, s\u00f3lo podr\u00e1 obtener la autorizaci\u00f3n de residencia si ha estado en Espa\u00f1a durante un m\u00ednimo de dos a\u00f1os y alguno\/a de sus padres o tutores legales tiene la autorizaci\u00f3n de residencia en Espa\u00f1a. Adem\u00e1s, si el\/la menor se encuentra en edad escolar se deber\u00e1 demostrar que est\u00e1 escolarizado\/a, que la persona de la que est\u00e1 a cargo tiene medios econ\u00f3micos y una vivienda en alquiler o en propiedad.<\/p>\n<p>\n<\/div><\/div><\/div><div class=\"bt_bb_accordion_item\"><div class=\"bt_bb_accordion_item_title\">6. \u00bfA qu\u00e9 familiares puedo reagrupar y cu\u00e1les ser\u00edan los requisitos?<\/div><div class=\"bt_bb_accordion_item_content\"><div  class=\"bt_bb_text\" ><\/p>\n<p>Si tiene una autorizaci\u00f3n de residencia y trabajo renovada podr\u00e1 reagrupar a sus hijos\/as y c\u00f3nyuge que se encuentren fuera de Espa\u00f1a para que vengan a residir con usted. Ser\u00e1 necesario acreditar medios econ\u00f3micos y vivienda. Si tiene autorizaci\u00f3n de residencia de larga duraci\u00f3n podr\u00e1 reagrupar a sus padres si son mayores de sesenta y cinco a\u00f1os y existen razones que justifiquen la necesidad de autorizar la residencia en Espa\u00f1a. Deber\u00e1 demostrar que viven a su cargo acreditando que el reagrupante ha transferido fondos o gastos a su ascendiente de, al menos, el 51% del producto interior bruto per c\u00e1pita, en c\u00f3mputo anual, del pa\u00eds de origen.<\/p>\n<p>Deber\u00e1 acreditarse un 150% del IPREM (806,76 euros\/mes) en el supuesto de una familia de dos miembros. Si se tratase de una familia de 3 miembros, ser\u00eda un 200% del IPREM (1.075,68 euros\/mes) y un 50% m\u00e1s por cada miembro extra (268,92 euros). La vivienda se justificar\u00e1 a trav\u00e9s de un informe de habitabilidad expedido por el \u00f3rgano competente de la Comunidad Aut\u00f3noma.<\/p>\n<p>\n<\/div><\/div><\/div><div class=\"bt_bb_accordion_item\"><div class=\"bt_bb_accordion_item_title\">7. \u00bfCu\u00e1les son los requisitos para la obtenci\u00f3n de la nacionalidad espa\u00f1ola?<\/div><div class=\"bt_bb_accordion_item_content\"><div  class=\"bt_bb_text\" ><\/p>\n<p>Se puede obtener la nacionalidad espa\u00f1ola bien por residencia, carta de naturaleza, origen, por posesi\u00f3n de estado o por opci\u00f3n.<\/p>\n<p>\n<\/div><\/div><\/div><div class=\"bt_bb_accordion_item\"><div class=\"bt_bb_accordion_item_title\">8. \u00bfCu\u00e1les son los requisitos para obtener la autorizaci\u00f3n de residencia de familiar comunitario?<\/div><div class=\"bt_bb_accordion_item_content\"><div  class=\"bt_bb_text\" ><\/p>\n<p>Pueden solicitar la autorizaci\u00f3n de residencia de familiar comunitario los ascendientes directos, descendientes directos (hijos\/as), c\u00f3nyuges o parejas de hecho o aquellos familiares que est\u00e1n a cargo del familiar comunitario y cuyo sost\u00e9n econ\u00f3mico lo proporciona la persona ciudadana de la UE.<\/p>\n<p>En todos los casos se deber\u00e1 acreditar el v\u00ednculo familiar, medios econ\u00f3micos y, en su caso, la dependencia econ\u00f3mica desde el pa\u00eds de origen.<\/p>\n<p>Esta autorizaci\u00f3n de residencia se otorgar\u00e1 por un periodo de cinco a\u00f1os.<\/p>\n<p>\n<\/div><\/div><\/div><div class=\"bt_bb_accordion_item\"><div class=\"bt_bb_accordion_item_title\">9. \u00bfCu\u00e1les son los requisitos para obtener la autorizaci\u00f3n de residencia de personas comunitarias?<\/div><div class=\"bt_bb_accordion_item_content\"><div  class=\"bt_bb_text\" ><\/p>\n<p>Las personas nacionales de pa\u00edses miembros de la UE que pretendan quedarse a residir y\/o trabajar en Espa\u00f1a, deber\u00e1n registrarse como ciudadanos\/as comunitarios\/as residiendo en Espa\u00f1a.<\/p>\n<p>Para ello deber\u00e1n acreditar medios econ\u00f3micos propios o presentar un contrato de trabajo.<\/p>\n<p>\n<\/div><\/div><\/div><div class=\"bt_bb_accordion_item\"><div class=\"bt_bb_accordion_item_title\">10. \u00bfC\u00f3mo puedo solicitar cita para presentar una solicitud ante la Delegaci\u00f3n de Gobierno?<\/div><div class=\"bt_bb_accordion_item_content\"><div  class=\"bt_bb_text\" ><\/p>\n<p>En la siguiente p\u00e1gina web, podr\u00e1 solicitar cita previa en las siguientes provincias y para los siguientes tr\u00e1mites:<\/p>\n<p><a href=\"https:\/\/sede.administracionespublicas.gob.es\/icpplus\/citar\">https:\/\/sede.administracionespublicas.gob.es\/icpplus\/citar<\/a><\/p>\n<p>Y si quer\u00e9is saber c\u00f3mo va vuestro procedimiento de extranjer\u00eda pod\u00e9is verlo en el siguiente enlace:<\/p>\n<p><a href=\"https:\/\/sede.administracionespublicas.gob.es\/infoext2\/\">https:\/\/sede.administracionespublicas.gob.es\/infoext2\/<\/a><\/p>\n<p>\n<\/div><\/div><\/div><div class=\"bt_bb_accordion_item\"><div class=\"bt_bb_accordion_item_title\">11.\u00bfPuedo permanecer en Espa\u00f1a por razones de estudio e investigaci\u00f3n?<\/div><div class=\"bt_bb_accordion_item_content\"><div  class=\"bt_bb_text\" ><\/p>\n<p>S\u00ed. Para ello deber\u00e1 entrar provisto del correspondiente visado de estancia por estudios o investigaci\u00f3n, que habr\u00e1 obtenido acreditando que cumple los requisitos para su entrada y permanencia en Espa\u00f1a, que ha sido admitido en un centro docente o cient\u00edfico, p\u00fablico o privado, oficialmente reconocido y que dispone de los medios econ\u00f3micos suficientes para sufragar el coste de sus estudios y atender a su subsistencia, gastos de estancia y regreso y, en su caso, los de sus familiares. Una vez en Espa\u00f1a deber\u00e1 solicitar la oportuna Tarjeta de Identidad de Extranjero dentro del plazo de un mes desde su entrada en nuestro pa\u00eds.<\/p>\n<p>\n<\/div><\/div><\/div><div class=\"bt_bb_accordion_item\"><div class=\"bt_bb_accordion_item_title\">12. \u00bfPuedo traer a mis familiares si estoy estudiando o investigando en Espa\u00f1a?<\/div><div class=\"bt_bb_accordion_item_content\"><div  class=\"bt_bb_text\" ><\/p>\n<p>S\u00ed. Los extranjeros que hayan solicitado un visado de estudios o investigaci\u00f3n, o que se encuentren en Espa\u00f1a en situaci\u00f3n de estancia por estudios podr\u00e1n solicitar los correspondientes visados de estancia para que sus familiares (c\u00f3nyuge e hijos menores de 18 a\u00f1os o sometidos a su patria potestad o tutela) entren y permanezcan legalmente en Espa\u00f1a durante la duraci\u00f3n de dichos estudios o investigaci\u00f3n, sin que se exija un per\u00edodo previo de estancia al estudiante o investigador extranjero. Dichos visados podr\u00e1n solicitarse de manera simult\u00e1nea con la solicitud del visado de estudios por el estudiante o investigador, o en cualquier momento posterior, durante el per\u00edodo de vigencia de la autorizaci\u00f3n de estancia por estudios.<\/p>\n<p>\n<\/div><\/div><\/div><div class=\"bt_bb_accordion_item\"><div class=\"bt_bb_accordion_item_title\">13. \u00bfPuedo cambiar mi autorizaci\u00f3n por estudios por una autorizaci\u00f3n de residencia y trabajo?. \u00bfNecesitar\u00e1 un nuevo visado?<\/div><div class=\"bt_bb_accordion_item_content\"><div  class=\"bt_bb_text\" ><\/p>\n<p>La normativa dice al respecto que los extranjeros que se encuentren en Espa\u00f1a en situaci\u00f3n de estancia por estudios podr\u00e1n acceder a la situaci\u00f3n de residencia y trabajo sin necesidad de solicitar visado cuando el empleador \u2013el que te quiere contratar-, como sujeto legitimado, presente la solicitud de autorizaci\u00f3n para residir y trabajar en la oficina de extranjeros y se cumplan los requisitos laborales generales, excepto el de la situaci\u00f3n nacional de empleo, que no se aplica, y se acredite, adem\u00e1s, que el extranjero:<\/p>\n<ul>\n<li>Ha permanecido en Espa\u00f1a durante, al menos, tres a\u00f1os en la situaci\u00f3n de estancia por estudios.<\/li>\n<li>Ha realizado los estudios o el trabajo de investigaci\u00f3n con aprovechamiento \u2013ser\u00e1 tu centro de estudios quien deber\u00e1 certificar esto-.<\/li>\n<li>No ha sido becado o subvencionado por organismos p\u00fablicos o privados dentro de programas de cooperaci\u00f3n o de desarrollo del pa\u00eds de origen.<\/li>\n<\/ul>\n<p>Le dar\u00e1n una autorizaci\u00f3n de residencia y trabajo inicial, por un a\u00f1o, que entrar\u00e1 en vigor cuando la empresa le d\u00e9 de alta como trabajador suyo en la Seguridad Social \u2013para lo que tiene un mes desde la notificaci\u00f3n de la autorizaci\u00f3n-.<\/p>\n<p>Desde el alta tiene un mes para solicitar la tarjeta de identidad de extranjero.<\/p>\n<p><strong>IMPORTANTE:<\/strong> La autorizaci\u00f3n de residencia y trabajo debe solicitarse durante los tres meses anteriores a la extinci\u00f3n de la autorizaci\u00f3n de estancia por estudios. La solicitud realizada en este plazo prorrogar\u00e1 la vigencia de la autorizaci\u00f3n de estancia del estudiante o investigador, hasta que recaiga resoluci\u00f3n sobre ella.<\/p>\n<p>\n<\/div><\/div><\/div><div class=\"bt_bb_accordion_item\"><div class=\"bt_bb_accordion_item_title\">14. \u00bfQu\u00e9 tengo que hacer para homologar mis estudios?<\/div><div class=\"bt_bb_accordion_item_content\"><div  class=\"bt_bb_text\" ><\/p>\n<p>Cada pa\u00eds tiene su propio sistema educativo. Por este motivo, la homologaci\u00f3n supone la equivalencia a un t\u00edtulo oficial del sistema educativo espa\u00f1ol.<\/p>\n<p>Lo mejor es que acudas a la Delegaci\u00f3n del Gobierno del Ministerio de Educaci\u00f3n y Ciencia de tu ciudad o al propio Ministerio en Madrid. All\u00ed te informar\u00e1n sobre si el t\u00edtulo que quieres homologar se encuentra recogido en el Cat\u00e1logo de T\u00edtulos reconocidos y la documentaci\u00f3n que tienes que aportar.<\/p>\n<p>\n<\/div><\/div><\/div><div class=\"bt_bb_accordion_item\"><div class=\"bt_bb_accordion_item_title\">15. \u00bfLos menores deben convalidar sus estudios?<\/div><div class=\"bt_bb_accordion_item_content\"><div  class=\"bt_bb_text\" ><\/p>\n<p>No se exige ning\u00fan tr\u00e1mite de homologaci\u00f3n cuando se trata de menores de 17 a\u00f1os que deseen incorporarse a cualquiera de los cursos que componen la educaci\u00f3n obligatoria.<\/p>\n<p>Se exigen tr\u00e1mites de homologaci\u00f3n para los estudios de la Educaci\u00f3n Secundaria post obligatoria, estudios de Bachiller, Formaci\u00f3n Profesional, Universidad (a partir de los 16 a\u00f1os de edad).<\/p>\n<p>\n<\/div><\/div><\/div><\/div><div class=\"bt_bb_separator bt_bb_border_style_none bt_bb_top_spacing_normal\" data-bt-override-class=\"null\"><\/div><\/div><\/div><\/div><\/div><\/div><div class=\"bt_bb_row \"  data-bt-override-class=\"{}\"><div class=\"bt_bb_row_holder\" ><\/div><\/div><\/div><!-- cell_inner --><\/div><!-- cell --><\/div><!-- port --><\/section>\n","protected":false},"excerpt":{"rendered":"","protected":false},"author":1,"featured_media":0,"parent":0,"menu_order":0,"comment_status":"closed","ping_status":"closed","template":"","meta":{"footnotes":""},"class_list":["post-3996","page","type-page","status-publish","hentry"],"yoast_head":"<!-- This site is optimized with the Yoast SEO plugin v27.4 - https:\/\/yoast.com\/product\/yoast-seo-wordpress\/ -->\n<title>FAQ - Ayex Legal - Servicios de inmigraci\u00f3n y relocation<\/title>\n<meta name=\"description\" content=\"Abogados expertos en servicios de inmigraci\u00f3n, extranjer\u00eda y relocation para empresas y particulares.\" \/>\n<meta name=\"robots\" content=\"index, follow, max-snippet:-1, max-image-preview:large, max-video-preview:-1\" \/>\n<link rel=\"canonical\" href=\"https:\/\/ayex.es\/ayexlegal\/faq\/\" \/>\n<meta property=\"og:locale\" content=\"es_ES\" \/>\n<meta property=\"og:type\" content=\"article\" \/>\n<meta property=\"og:title\" content=\"FAQ - Ayex Legal - Servicios de inmigraci\u00f3n y relocation\" \/>\n<meta property=\"og:description\" content=\"Abogados expertos en servicios de inmigraci\u00f3n, extranjer\u00eda y relocation para empresas y particulares.\" \/>\n<meta property=\"og:url\" content=\"https:\/\/ayex.es\/ayexlegal\/faq\/\" \/>\n<meta property=\"og:site_name\" content=\"Ayex Legal - Servicios de inmigraci\u00f3n y relocation\" \/>\n<meta property=\"article:publisher\" content=\"https:\/\/www.facebook.com\/AYEXLEGAL\" \/>\n<meta property=\"article:modified_time\" content=\"2020-02-27T17:58:41+00:00\" \/>\n<meta name=\"twitter:card\" content=\"summary_large_image\" \/>\n<meta name=\"twitter:label1\" content=\"Tiempo de lectura\" \/>\n\t<meta name=\"twitter:data1\" content=\"12 minutos\" \/>\n<script type=\"application\/ld+json\" class=\"yoast-schema-graph\">{\"@context\":\"https:\\\/\\\/schema.org\",\"@graph\":[{\"@type\":\"WebPage\",\"@id\":\"https:\\\/\\\/ayex.es\\\/ayexlegal\\\/faq\\\/\",\"url\":\"https:\\\/\\\/ayex.es\\\/ayexlegal\\\/faq\\\/\",\"name\":\"FAQ - Ayex Legal - Servicios de inmigraci\u00f3n y relocation\",\"isPartOf\":{\"@id\":\"https:\\\/\\\/ayex.es\\\/ayexlegal\\\/#website\"},\"datePublished\":\"2020-02-27T16:59:22+00:00\",\"dateModified\":\"2020-02-27T17:58:41+00:00\",\"description\":\"Abogados expertos en servicios de inmigraci\u00f3n, extranjer\u00eda y relocation para empresas y particulares.\",\"breadcrumb\":{\"@id\":\"https:\\\/\\\/ayex.es\\\/ayexlegal\\\/faq\\\/#breadcrumb\"},\"inLanguage\":\"es\",\"potentialAction\":[{\"@type\":\"ReadAction\",\"target\":[\"https:\\\/\\\/ayex.es\\\/ayexlegal\\\/faq\\\/\"]}]},{\"@type\":\"BreadcrumbList\",\"@id\":\"https:\\\/\\\/ayex.es\\\/ayexlegal\\\/faq\\\/#breadcrumb\",\"itemListElement\":[{\"@type\":\"ListItem\",\"position\":1,\"name\":\"Portada\",\"item\":\"https:\\\/\\\/ayex.es\\\/ayexlegal\\\/\"},{\"@type\":\"ListItem\",\"position\":2,\"name\":\"FAQ\"}]},{\"@type\":\"WebSite\",\"@id\":\"https:\\\/\\\/ayex.es\\\/ayexlegal\\\/#website\",\"url\":\"https:\\\/\\\/ayex.es\\\/ayexlegal\\\/\",\"name\":\"Ayex Legal - Servicios de inmigraci\u00f3n y relocation\",\"description\":\"Despacho de abogados especialistas en servicios migratorios y relocation, expatriados, tarjetas de trabajo, tarjetas de estudiante, tarjetas de residencia y visados.\",\"publisher\":{\"@id\":\"https:\\\/\\\/ayex.es\\\/ayexlegal\\\/#organization\"},\"potentialAction\":[{\"@type\":\"SearchAction\",\"target\":{\"@type\":\"EntryPoint\",\"urlTemplate\":\"https:\\\/\\\/ayex.es\\\/ayexlegal\\\/?s={search_term_string}\"},\"query-input\":{\"@type\":\"PropertyValueSpecification\",\"valueRequired\":true,\"valueName\":\"search_term_string\"}}],\"inLanguage\":\"es\"},{\"@type\":\"Organization\",\"@id\":\"https:\\\/\\\/ayex.es\\\/ayexlegal\\\/#organization\",\"name\":\"Ayex Legal\",\"url\":\"https:\\\/\\\/ayex.es\\\/ayexlegal\\\/\",\"logo\":{\"@type\":\"ImageObject\",\"inLanguage\":\"es\",\"@id\":\"https:\\\/\\\/ayex.es\\\/ayexlegal\\\/#\\\/schema\\\/logo\\\/image\\\/\",\"url\":\"https:\\\/\\\/www.ayex.es\\\/ayexlegal\\\/wp-content\\\/uploads\\\/2020\\\/01\\\/logo-web.png\",\"contentUrl\":\"https:\\\/\\\/www.ayex.es\\\/ayexlegal\\\/wp-content\\\/uploads\\\/2020\\\/01\\\/logo-web.png\",\"width\":360,\"height\":130,\"caption\":\"Ayex Legal\"},\"image\":{\"@id\":\"https:\\\/\\\/ayex.es\\\/ayexlegal\\\/#\\\/schema\\\/logo\\\/image\\\/\"},\"sameAs\":[\"https:\\\/\\\/www.facebook.com\\\/AYEXLEGAL\",\"http:\\\/\\\/www.linkedin.com\\\/company\\\/ayex-legal\"]}]}<\/script>\n<!-- \/ Yoast SEO plugin. -->","yoast_head_json":{"title":"FAQ - Ayex Legal - Servicios de inmigraci\u00f3n y relocation","description":"Abogados expertos en servicios de inmigraci\u00f3n, extranjer\u00eda y relocation para empresas y particulares.","robots":{"index":"index","follow":"follow","max-snippet":"max-snippet:-1","max-image-preview":"max-image-preview:large","max-video-preview":"max-video-preview:-1"},"canonical":"https:\/\/ayex.es\/ayexlegal\/faq\/","og_locale":"es_ES","og_type":"article","og_title":"FAQ - Ayex Legal - Servicios de inmigraci\u00f3n y relocation","og_description":"Abogados expertos en servicios de inmigraci\u00f3n, extranjer\u00eda y relocation para empresas y particulares.","og_url":"https:\/\/ayex.es\/ayexlegal\/faq\/","og_site_name":"Ayex Legal - Servicios de inmigraci\u00f3n y relocation","article_publisher":"https:\/\/www.facebook.com\/AYEXLEGAL","article_modified_time":"2020-02-27T17:58:41+00:00","twitter_card":"summary_large_image","twitter_misc":{"Tiempo de lectura":"12 minutos"},"schema":{"@context":"https:\/\/schema.org","@graph":[{"@type":"WebPage","@id":"https:\/\/ayex.es\/ayexlegal\/faq\/","url":"https:\/\/ayex.es\/ayexlegal\/faq\/","name":"FAQ - Ayex Legal - Servicios de inmigraci\u00f3n y relocation","isPartOf":{"@id":"https:\/\/ayex.es\/ayexlegal\/#website"},"datePublished":"2020-02-27T16:59:22+00:00","dateModified":"2020-02-27T17:58:41+00:00","description":"Abogados expertos en servicios de inmigraci\u00f3n, extranjer\u00eda y relocation para empresas y particulares.","breadcrumb":{"@id":"https:\/\/ayex.es\/ayexlegal\/faq\/#breadcrumb"},"inLanguage":"es","potentialAction":[{"@type":"ReadAction","target":["https:\/\/ayex.es\/ayexlegal\/faq\/"]}]},{"@type":"BreadcrumbList","@id":"https:\/\/ayex.es\/ayexlegal\/faq\/#breadcrumb","itemListElement":[{"@type":"ListItem","position":1,"name":"Portada","item":"https:\/\/ayex.es\/ayexlegal\/"},{"@type":"ListItem","position":2,"name":"FAQ"}]},{"@type":"WebSite","@id":"https:\/\/ayex.es\/ayexlegal\/#website","url":"https:\/\/ayex.es\/ayexlegal\/","name":"Ayex Legal - Servicios de inmigraci\u00f3n y relocation","description":"Despacho de abogados especialistas en servicios migratorios y relocation, expatriados, tarjetas de trabajo, tarjetas de estudiante, tarjetas de residencia y visados.","publisher":{"@id":"https:\/\/ayex.es\/ayexlegal\/#organization"},"potentialAction":[{"@type":"SearchAction","target":{"@type":"EntryPoint","urlTemplate":"https:\/\/ayex.es\/ayexlegal\/?s={search_term_string}"},"query-input":{"@type":"PropertyValueSpecification","valueRequired":true,"valueName":"search_term_string"}}],"inLanguage":"es"},{"@type":"Organization","@id":"https:\/\/ayex.es\/ayexlegal\/#organization","name":"Ayex Legal","url":"https:\/\/ayex.es\/ayexlegal\/","logo":{"@type":"ImageObject","inLanguage":"es","@id":"https:\/\/ayex.es\/ayexlegal\/#\/schema\/logo\/image\/","url":"https:\/\/www.ayex.es\/ayexlegal\/wp-content\/uploads\/2020\/01\/logo-web.png","contentUrl":"https:\/\/www.ayex.es\/ayexlegal\/wp-content\/uploads\/2020\/01\/logo-web.png","width":360,"height":130,"caption":"Ayex Legal"},"image":{"@id":"https:\/\/ayex.es\/ayexlegal\/#\/schema\/logo\/image\/"},"sameAs":["https:\/\/www.facebook.com\/AYEXLEGAL","http:\/\/www.linkedin.com\/company\/ayex-legal"]}]}},"post_mailing_queue_ids":[],"_links":{"self":[{"href":"https:\/\/ayex.es\/ayexlegal\/wp-json\/wp\/v2\/pages\/3996","targetHints":{"allow":["GET"]}}],"collection":[{"href":"https:\/\/ayex.es\/ayexlegal\/wp-json\/wp\/v2\/pages"}],"about":[{"href":"https:\/\/ayex.es\/ayexlegal\/wp-json\/wp\/v2\/types\/page"}],"author":[{"embeddable":true,"href":"https:\/\/ayex.es\/ayexlegal\/wp-json\/wp\/v2\/users\/1"}],"replies":[{"embeddable":true,"href":"https:\/\/ayex.es\/ayexlegal\/wp-json\/wp\/v2\/comments?post=3996"}],"version-history":[{"count":13,"href":"https:\/\/ayex.es\/ayexlegal\/wp-json\/wp\/v2\/pages\/3996\/revisions"}],"predecessor-version":[{"id":4009,"href":"https:\/\/ayex.es\/ayexlegal\/wp-json\/wp\/v2\/pages\/3996\/revisions\/4009"}],"wp:attachment":[{"href":"https:\/\/ayex.es\/ayexlegal\/wp-json\/wp\/v2\/media?parent=3996"}],"curies":[{"name":"wp","href":"https:\/\/api.w.org\/{rel}","templated":true}]}}