{"id":4119,"date":"2020-02-28T17:50:39","date_gmt":"2020-02-28T17:50:39","guid":{"rendered":"http:\/\/www.ayex.es\/ayexlegal\/?page_id=4119"},"modified":"2020-02-28T18:11:10","modified_gmt":"2020-02-28T18:11:10","slug":"politica-de-privacidad","status":"publish","type":"page","link":"https:\/\/ayex.es\/ayexlegal\/politica-de-privacidad\/","title":{"rendered":"Pol\u00edtica de privacidad"},"content":{"rendered":"<section id=\"bt_bb_section69d4e8667dac5\" class=\"bt_bb_section bt_bb_layout_boxed_1200 bt_bb_full_screen bt_bb_vertical_align_top\"  data-bt-override-class=\"null\"><div class=\"bt_bb_port\"><div class=\"bt_bb_cell\"><div class=\"bt_bb_cell_inner\"><div class=\"bt_bb_row \"  data-bt-override-class=\"{}\"><div class=\"bt_bb_row_holder\" ><div  class=\"bt_bb_column col-xl-12 bt_bb_align_left bt_bb_padding_normal\"  data-width=\"12\" data-bt-override-class=\"{}\"><div class=\"bt_bb_column_content bt_bb_vertical_align_top bt_bb_color_scheme_\"><div class=\"bt_bb_column_content_inner\"><header class=\"bt_bb_headline bt_bb_font_weight_light bt_bb_dash_none bt_bb_size_large bt_bb_align_left\" data-bt-override-class=\"{}\"><h2 class=\"bt_bb_headline_tag\"><span class=\"bt_bb_headline_content\"><span>Pol\u00edtica de privacidad<\/span><\/span><\/h2><\/header><div class=\"bt_bb_separator bt_bb_border_style_none bt_bb_top_spacing_small\" data-bt-override-class=\"null\"><\/div><div  class=\"bt_bb_text\" ><\/p>\n<p>Alejandra L\u00f3pez Ar\u00e9valo te informa sobre su Pol\u00edtica de Privacidad respecto del tratamiento y protecci\u00f3n de los datos de car\u00e1cter personal de los usuarios que puedan ser recabados durante la navegaci\u00f3n a trav\u00e9s del sitio Web <a href=\"https:\/\/ayex.es\/ayexlegal\">https:\/\/ayex.es\/ayexlegal<\/a>.<\/p>\n<p>En este sentido, Alejandra L\u00f3pez Ar\u00e9valo garantiza el cumplimiento de la normativa vigente en materia de protecci\u00f3n de datos personales, reflejada en la Ley Org\u00e1nica 3\/2018, de 5 de diciembre, de Protecci\u00f3n de Datos Personales y de Garant\u00eda de Derechos Digitales (LOPD GDD). Cumple tambi\u00e9n con el Reglamento (UE) 2016\/679 del Parlamento Europeo y del Consejo de 27 de abril de 2016 relativo a la protecci\u00f3n de las personas f\u00edsicas (RGPD).<\/p>\n<p>El uso de sitio Web implica la aceptaci\u00f3n de esta Pol\u00edtica de Privacidad as\u00ed como las condiciones incluidas en el <a href=\"https:\/\/ayex.es\/ayexlegal\/aviso-legal\/\">Aviso Legal<\/a>.<\/p>\n<h2>Identidad del responsable<\/h2>\n<ul>\n<li><b>Titular:<\/b> Alejandra L\u00f3pez Ar\u00e9valo.<\/li>\n<li><b>NIF:<\/b> 05206574H<\/li>\n<li><b>Domicilio:<\/b> C\/ Cepas, 9 &#8211; 28270 (Colmenarejo), Madrid &#8211; Espa\u00f1a.<\/li>\n<li><b>Correo electr\u00f3nico:<\/b> info@ayex.es<\/li>\n<li><b>Sitio Web:<\/b> <a href=\"https:\/\/ayex.es\/ayexlegal\">https:\/\/ayex.es\/ayexlegal<\/a><\/li>\n<\/ul>\n<h2>Principios aplicados en el tratamiento de datos<\/h2>\n<p>En el tratamiento de tus datos personales, el Titular aplicar\u00e1 los siguientes principios que se ajustan a las exigencias del nuevo reglamento europeo de protecci\u00f3n de datos (RGPD):<\/p>\n<ul>\n<li><b>Principio de licitud, lealtad y transparencia:<\/b> El Titular siempre requerir\u00e1 el consentimiento para el tratamiento de los datos personales que puede ser para uno o varios fines espec\u00edficos sobre los que el Titular informar\u00e1 al Usuario previamente con absoluta transparencia.<\/li>\n<li><b>Principio de minimizaci\u00f3n de datos:<\/b> El Titular solicitar\u00e1 solo los datos estrictamente necesarios para el fin o los fines que los solicita.<\/li>\n<li><b>Principio de limitaci\u00f3n del plazo de conservaci\u00f3n:<\/b> El Titular mantendr\u00e1 los datos personales recabados durante el tiempo estrictamente necesario para el fin o los fines del tratamiento. El Titular informar\u00e1 al Usuario del plazo de conservaci\u00f3n correspondiente <a href=\"https:\/\/ayex.es\/ayexlegal\/politica-de-privacidad\/#finalidad-del-tratamiento-de-datos-personales\">seg\u00fan la finalidad<\/a>.<br \/>\nEn el caso de suscripciones, el Titular revisar\u00e1 peri\u00f3dicamente las listas y eliminar\u00e1 aquellos registros inactivos durante un tiempo considerable.<\/li>\n<li><b>Principio de integridad y confidencialidad:<\/b> Los datos personales recabados ser\u00e1n tratados de tal manera que su seguridad, confidencialidad e integridad est\u00e9 garantizada.<br \/>\nEl Titular toma las precauciones necesarias para evitar el acceso no autorizado o uso indebido de los datos de sus usuarios por parte de terceros.<\/li>\n<\/ul>\n<h2>Obtenci\u00f3n de datos personales<\/h2>\n<p>Para navegar por <a href=\"https:\/\/ayex.es\/ayexlegal\">https:\/\/ayex.es\/ayexlegal<\/a> no es necesario que facilites ning\u00fan dato personal.<\/p>\n<p>Los casos en los que s\u00ed proporcionas tus datos personales son los siguientes:<\/p>\n<ul>\n<li>Al contactar a trav\u00e9s de los formularios de contacto o enviar un correo electr\u00f3nico.<\/li>\n<\/ul>\n<h2>Derechos<\/h2>\n<p>El Titular te informa que sobre tus datos personales tienes derecho a:<\/p>\n<ul>\n<li>Solicitar el acceso a los datos almacenados.<\/li>\n<li>Solicitar una rectificaci\u00f3n o la cancelaci\u00f3n.<\/li>\n<li>Solicitar la limitaci\u00f3n de su tratamiento.<\/li>\n<li>Oponerte al tratamiento.<\/li>\n<\/ul>\n<p>No puedes ejercitar el derecho a la portabilidad de los datos.<\/p>\n<p>El ejercicio de estos derechos es personal y por tanto debe ser ejercido directamente por el interesado, solicit\u00e1ndolo directamente al Titular, lo que significa que cualquier cliente, suscriptor o colaborador que haya facilitado sus datos en alg\u00fan momento, puede dirigirse a Alejandra L\u00f3pez Ar\u00e9valo y pedir informaci\u00f3n sobre los datos que tiene almacenados y c\u00f3mo los ha obtenido, solicitar la rectificaci\u00f3n de los mismos, oponerse al tratamiento, limitar su uso o solicitar la cancelaci\u00f3n de esos datos en los ficheros del Titular.<\/p>\n<p>Para ejercitar tus derechos de acceso, rectificaci\u00f3n, cancelaci\u00f3n y oposici\u00f3n tienes que enviar un correo electr\u00f3nico a info@ayex.es junto con la prueba v\u00e1lida en derecho como una fotocopia del D.N.I. o equivalente.<\/p>\n<p>Tienes derecho a la tutela judicial efectiva y a presentar una reclamaci\u00f3n ante la autoridad de control, en este caso, la Agencia Espa\u00f1ola de Protecci\u00f3n de Datos, si consideras que el tratamiento de datos personales que te conciernen infringe el Reglamento.<\/p>\n<h2 id=\"finalidad-del-tratamiento-de-datos-personales\">Finalidad del tratamiento de datos personales<\/h2>\n<p>Cuando te conectas al sitio Web para mandar un correo al Titular, te suscribes a su bolet\u00edn est\u00e1s facilitando informaci\u00f3n de car\u00e1cter personal de la que el responsable es Alejandra L\u00f3pez Ar\u00e9valo. Esta informaci\u00f3n puede incluir datos de car\u00e1cter personal como pueden ser tu direcci\u00f3n IP, nombre y apellidos, direcci\u00f3n f\u00edsica, direcci\u00f3n de correo electr\u00f3nico, n\u00famero de tel\u00e9fono, y otra informaci\u00f3n. Al facilitar esta informaci\u00f3n, das tu consentimiento para que tu informaci\u00f3n sea recopilada, utilizada, gestionada y almacenada por \u2014 Ran Networks \u2014 s\u00f3lo como se describe en el <a href=\"https:\/\/ayex.es\/ayexlegal\/aviso-legal\/\">Aviso Legal<\/a> y en la presente <a href=\"https:\/\/ayex.es\/ayexlegal\/politica-de-privacidad\/\">Pol\u00edtica de Privacidad<\/a>.<\/p>\n<p>Los datos personales y la finalidad del tratamiento por parte del Titular es diferente seg\u00fan el sistema de captura de informaci\u00f3n:<\/p>\n<ul>\n<li><b>Formularios de contacto:<\/b> El Titular solicita datos personales entre los que pueden estar: nombre y apellidos, direcci\u00f3n de correo electr\u00f3nico, n\u00famero de tel\u00e9fono y direcci\u00f3n de sitio Web con la finalidad de responder las consultas de los Usuarios.<br \/>\nPor ejemplo, Alejandra L\u00f3pez Ar\u00e9valo utiliza esos datos para dar respuesta a mensajes, dudas, quejas, comentarios o inquietudes que pueden tener los Usuarios relativas a la informaci\u00f3n incluida en el sitio Web, el tratamiento de los datos personales, cuestiones referentes a los textos legales incluidos en el sitio Web, as\u00ed como cualquier otra consulta que el Usuario pueda tener y que no est\u00e9 sujeta a las condiciones del sitio Web.<\/li>\n<\/ul>\n<p>Existen otras finalidades por las que el Titular trata datos personales:<\/p>\n<ul>\n<li>Para garantizar el cumplimiento de las condiciones recogidas en el <a href=\"https:\/\/ayex.es\/ayexlegal\/aviso-legal\/\">Aviso Legal<\/a> y en la ley aplicable. Esto puede incluir el desarrollo de herramientas y algoritmos que ayuden a este sitio Web a garantizar la confidencialidad de los datos personales que recoge.<\/li>\n<li>Para apoyar y mejorar los servicios que ofrece este sitio Web.<\/li>\n<li>Para analizar la navegaci\u00f3n de los usuarios. El Titular recoge otros datos no identificativos que se obtienen mediante el uso de cookies que se descargan en el ordenador del Usuario cuando navega por el sitio Web cuyas caracter\u00edsticas y finalidad est\u00e1n detalladas en la <a href=\"https:\/\/ayex.es\/ayexlegal\/politica-de-cookies\/\"> Pol\u00edtica de Cookies<\/a> .<\/li>\n<li>Para gestionar las redes sociales. Alejandra L\u00f3pez Ar\u00e9valo tiene presencia en redes sociales. Si te haces seguidor en las redes sociales del Titular el tratamiento de los datos personales se regir\u00e1 por este apartado, as\u00ed como por aquellas condiciones de uso, pol\u00edticas de privacidad y normativas de acceso que pertenezcan a la red social que proceda en cada caso y que has aceptado previamente.<br \/>\nPuedes consultar las pol\u00edticas de privacidad de las principales redes sociales en estos enlaces:<\/p>\n<ul>\n<li><a href=\"https:\/\/www.facebook.com\/help\/cookies\" target=\"_blank\" rel=\"nofollow noopener noreferrer\">Facebook<\/a><\/li>\n<li><a href=\"https:\/\/twitter.com\/privacy\" target=\"_blank\" rel=\"nofollow noopener noreferrer\">Twitter<\/a><\/li>\n<li><a href=\"https:\/\/www.linkedin.com\/legal\/cookie-policy\" target=\"_blank\" rel=\"nofollow noopener noreferrer\">Linkedin<\/a><\/li>\n<li><a href=\"https:\/\/www.youtube.com\/privacy\" target=\"_blank\" rel=\"nofollow noopener noreferrer\">YouTube<\/a><\/li>\n<li><a href=\"https:\/\/www.instagram.com\/legal\/privacy\/\" target=\"_blank\" rel=\"nofollow noopener noreferrer\">Instagram<\/a><\/li>\n<\/ul>\n<p>El Titular tratar\u00e1 tus datos personales con la finalidad de administrar correctamente su presencia en la red social, informarte de sus actividades, as\u00ed como para cualquier otra finalidad que las normativas de las redes sociales permitan.<\/p>\n<p>En ning\u00fan caso el Titular utilizar\u00e1 los perfiles de seguidores en redes sociales para enviar publicidad de manera individual.<\/li>\n<\/ul>\n<h2>Seguridad de los datos personales<\/h2>\n<p>Para proteger tus datos personales, el Titular toma todas las precauciones razonables y sigue las mejores pr\u00e1cticas de la industria para evitar su p\u00e9rdida, mal uso, acceso indebido, divulgaci\u00f3n, alteraci\u00f3n o destrucci\u00f3n de los mismos.<\/p>\n<p>El sitio Web est\u00e1 alojado en Ran Networks. La seguridad de los datos est\u00e1 garantizada, ya que toman todas las medidas de seguridad necesarias para ello. Puedes consultar su pol\u00edtica de privacidad para tener m\u00e1s informaci\u00f3n.<\/p>\n<p>Alejandra L\u00f3pez Ar\u00e9valo informa al Usuario de que sus datos personales no ser\u00e1n cedidos a terceras organizaciones, con la salvedad de que dicha cesi\u00f3n de datos est\u00e9 amparada en una obligaci\u00f3n legal o cuando la prestaci\u00f3n de un servicio implique la necesidad de una relaci\u00f3n contractual con un encargado de tratamiento. En este \u00faltimo caso, solo se llevar\u00e1 a cabo la cesi\u00f3n de datos al tercero cuando Alejandra L\u00f3pez Ar\u00e9valo disponga del consentimiento expreso del Usuario.<\/p>\n<p>Sin embargo, en algunos casos se pueden realizar colaboraciones con otros profesionales, en esos casos, se requerir\u00e1 consentimiento al Usuario informando sobre la identidad del colaborador y la finalidad de la colaboraci\u00f3n. Siempre se realizar\u00e1 con los m\u00e1s estrictos est\u00e1ndares de seguridad.<\/p>\n<h2>Contenido de otros sitios web<\/h2>\n<p>Las p\u00e1ginas de este sitio Web pueden incluir contenido incrustado (por ejemplo, v\u00eddeos, im\u00e1genes, art\u00edculos, etc.). El contenido incrustado de otras web se comporta exactamente de la misma manera que si hubieras visitado la otra web.<\/p>\n<p>Estos sitios Web pueden recopilar datos sobre ti, utilizar cookies, incrustar un c\u00f3digo de seguimiento adicional de terceros, y supervisar tu interacci\u00f3n usando este c\u00f3digo.<\/p>\n<h2>Pol\u00edtica de Cookies<\/h2>\n<p>Para que este sitio Web funcione correctamente necesita utilizar cookies, que es una informaci\u00f3n que se almacena en tu navegador web.<\/p>\n<p>En la p\u00e1gina <a href=\"https:\/\/ayex.es\/ayexlegal\/politica-de-cookies\/\">Pol\u00edtica de Cookies<\/a> puedes consultar toda la informaci\u00f3n relativa a la pol\u00edtica de recogida, la finalidad y el tratamiento de las cookies.<\/p>\n<h2>Legitimaci\u00f3n para el tratamiento de datos<\/h2>\n<p>La base legal para el tratamiento de tus datos es: el consentimiento.<\/p>\n<p>Para contactar con el Titular, suscribirte a un bolet\u00edn o realizar comentarios en este sitio Web tienes que aceptar la presente Pol\u00edtica de Privacidad.<\/p>\n<h2>Categor\u00edas de datos personales<\/h2>\n<p>Las categor\u00edas de datos personales que trata el Titular son:<\/p>\n<ul>\n<li>Datos identificativos.<\/li>\n<li>No se tratan categor\u00edas de datos especialmente protegidos.<\/li>\n<\/ul>\n<h2>Conservaci\u00f3n de datos personales<\/h2>\n<p>Los datos personales que proporciones al Titular se conservar\u00e1n hasta que solicites su supresi\u00f3n.<\/p>\n<div id=\"destinatarios\">\n<h2>Destinatarios de datos personales<\/h2>\n<ul>\n<li><b>Google Analytics<\/b> es un servicio de anal\u00edtica web prestado por Google, Inc., una compa\u00f1\u00eda de Delaware cuya oficina principal est\u00e1 en 1600 Amphitheatre Parkway, Mountain View (California), CA 94043, Estados Unidos (\u00abGoogle\u00bb).<br \/>\nGoogle Analytics utiliza \u00abcookies\u00bb, que son archivos de texto ubicados en tu ordenador, para ayudar al Titular a analizar el uso que hacen los Usuarios del sitio Web. La informaci\u00f3n que genera la cookie acerca del uso del sitio Web (incluyendo la direcci\u00f3n IP) ser\u00e1 directamente transmitida y archivada por Google en los servidores de Estados Unidos.<br \/>\nM\u00e1s informaci\u00f3n en: <a href=\"https:\/\/policies.google.com\/privacy?hl=es-ES\" target=\"_blank\" rel=\"nofollow noopener noreferrer\">https:\/\/analytics.google.com<\/a><\/li>\n<\/ul>\n<\/div>\n<p>En la p\u00e1gina de <a href=\"https:\/\/policies.google.com\/privacy?hl=es\" target=\"_blank\" rel=\"nofollow noopener noreferrer\">Pol\u00edtica de privacidad de Google<\/a> se explica c\u00f3mo Google gestiona la privacidad en lo que respecta al uso de las cookies y otra informaci\u00f3n.<\/p>\n<p>Tambi\u00e9n puedes ver una lista de los <a href=\"https:\/\/policies.google.com\/technologies\/types?hl=es\" target=\"_blank\" rel=\"nofollow noopener noreferrer\">tipos de cookies<\/a> que utiliza Google y sus colaboradores y toda la informaci\u00f3n relativa al uso que hacen de las <a href=\"https:\/\/policies.google.com\/technologies\/ads?hl=es\" target=\"_blank\" rel=\"nofollow noopener noreferrer\">cookies publicitarias<\/a>.<\/p>\n<h2>Navegaci\u00f3n Web<\/h2>\n<p>Al navegar por <a href=\"https:\/\/ayex.es\/ayexlegal\">https:\/\/ayex.es\/ayexlegal<\/a> se pueden recoger datos no identificativos, que pueden incluir, la direcci\u00f3n IP, geolocalizaci\u00f3n, un registro de c\u00f3mo se utilizan los servicios y sitios, h\u00e1bitos de navegaci\u00f3n y otros datos que no pueden ser utilizados para identificarte.<\/p>\n<p>El sitio Web utiliza los siguientes servicios de an\u00e1lisis de terceros:<\/p>\n<ul>\n<li>Google Analytics.<\/li>\n<\/ul>\n<p>El Titular utiliza la informaci\u00f3n obtenida para obtener datos estad\u00edsticos, analizar tendencias, administrar el sitio, estudiar patrones de navegaci\u00f3n y para recopilar informaci\u00f3n demogr\u00e1fica.<\/p>\n<p>El Titular no se hace responsable del tratamiento de los datos personales que realicen las p\u00e1ginas web a las que puedas acceder a trav\u00e9s de los distintos enlaces que contiene el sitio Web.<\/p>\n<h2>Exactitud y veracidad de los datos personales<\/h2>\n<p>Te comprometes a que los datos facilitados al Titular sean correctos, completos, exactos y vigentes, as\u00ed como a mantenerlos debidamente actualizados.<\/p>\n<p>Como Usuario del sitio Web eres el \u00fanico responsable de la veracidad y correcci\u00f3n de los datos remitidos al sitio Web exonerando a Alejandra L\u00f3pez Ar\u00e9valo de cualquier responsabilidad al respecto.<\/p>\n<h2>Aceptaci\u00f3n y consentimiento<\/h2>\n<p>Como Usuario del sitio Web declaras haber sido informado de las condiciones sobre protecci\u00f3n de datos de car\u00e1cter personal, aceptas y consientes el tratamiento de los mismos por parte de Alejandra L\u00f3pez Ar\u00e9valo en la forma y para las finalidades indicadas en esta Pol\u00edtica de Privacidad.<\/p>\n<h2>Revocabilidad<\/h2>\n<p>Para ejercitar tus derechos de acceso, rectificaci\u00f3n, cancelaci\u00f3n y oposici\u00f3n tienes que enviar un correo electr\u00f3nico a info@ayex.es junto con la prueba v\u00e1lida en derecho como una fotocopia del D.N.I. o equivalente.<\/p>\n<p>El ejercicio de estos derechos no incluye ning\u00fan dato que Alejandra L\u00f3pez Ar\u00e9valo est\u00e9 obligado a conservar con fines administrativos, legales o de seguridad.<\/p>\n<h2>Cambios en la Pol\u00edtica de Privacidad<\/h2>\n<p>El Titular se reserva el derecho a modificar la presente Pol\u00edtica de Privacidad para adaptarla a novedades legislativas o jurisprudenciales, as\u00ed como a pr\u00e1cticas de la industria.<\/p>\n<p>Estas pol\u00edticas estar\u00e1n vigentes hasta que sean modificadas por otras debidamente publicadas.<\/p>\n<p>\n<\/div><div class=\"bt_bb_separator bt_bb_border_style_none bt_bb_top_spacing_normal\" data-bt-override-class=\"null\"><\/div><\/div><\/div><\/div><\/div><\/div><\/div><!-- cell_inner --><\/div><!-- cell --><\/div><!-- port --><\/section>\n","protected":false},"excerpt":{"rendered":"","protected":false},"author":1,"featured_media":0,"parent":0,"menu_order":0,"comment_status":"closed","ping_status":"closed","template":"","meta":{"footnotes":""},"class_list":["post-4119","page","type-page","status-publish","hentry"],"yoast_head":"<!-- This site is optimized with the Yoast SEO plugin v27.1.1 - https:\/\/yoast.com\/product\/yoast-seo-wordpress\/ -->\n<title>Pol\u00edtica de privacidad - Ayex Legal - Servicios de inmigraci\u00f3n y relocation<\/title>\n<meta name=\"description\" content=\"Abogados expertos en servicios de inmigraci\u00f3n, extranjer\u00eda y relocation para empresas y particulares.\" \/>\n<meta name=\"robots\" content=\"index, follow, max-snippet:-1, max-image-preview:large, max-video-preview:-1\" \/>\n<link rel=\"canonical\" href=\"https:\/\/ayex.es\/ayexlegal\/politica-de-privacidad\/\" \/>\n<meta property=\"og:locale\" content=\"es_ES\" \/>\n<meta property=\"og:type\" content=\"article\" \/>\n<meta property=\"og:title\" content=\"Pol\u00edtica de privacidad - Ayex Legal - Servicios de inmigraci\u00f3n y relocation\" \/>\n<meta property=\"og:description\" content=\"Abogados expertos en servicios de inmigraci\u00f3n, extranjer\u00eda y relocation para empresas y particulares.\" \/>\n<meta property=\"og:url\" content=\"https:\/\/ayex.es\/ayexlegal\/politica-de-privacidad\/\" \/>\n<meta property=\"og:site_name\" content=\"Ayex Legal - Servicios de inmigraci\u00f3n y relocation\" \/>\n<meta property=\"article:publisher\" content=\"https:\/\/www.facebook.com\/AYEXLEGAL\" \/>\n<meta property=\"article:modified_time\" content=\"2020-02-28T18:11:10+00:00\" \/>\n<meta name=\"twitter:card\" content=\"summary_large_image\" \/>\n<meta name=\"twitter:label1\" content=\"Tiempo de lectura\" \/>\n\t<meta name=\"twitter:data1\" content=\"12 minutos\" \/>\n<script type=\"application\/ld+json\" class=\"yoast-schema-graph\">{\"@context\":\"https:\/\/schema.org\",\"@graph\":[{\"@type\":\"WebPage\",\"@id\":\"https:\/\/ayex.es\/ayexlegal\/politica-de-privacidad\/\",\"url\":\"https:\/\/ayex.es\/ayexlegal\/politica-de-privacidad\/\",\"name\":\"Pol\u00edtica de privacidad - Ayex Legal - Servicios de inmigraci\u00f3n y relocation\",\"isPartOf\":{\"@id\":\"https:\/\/ayex.es\/ayexlegal\/#website\"},\"datePublished\":\"2020-02-28T17:50:39+00:00\",\"dateModified\":\"2020-02-28T18:11:10+00:00\",\"description\":\"Abogados expertos en servicios de inmigraci\u00f3n, extranjer\u00eda y relocation para empresas y particulares.\",\"breadcrumb\":{\"@id\":\"https:\/\/ayex.es\/ayexlegal\/politica-de-privacidad\/#breadcrumb\"},\"inLanguage\":\"es\",\"potentialAction\":[{\"@type\":\"ReadAction\",\"target\":[\"https:\/\/ayex.es\/ayexlegal\/politica-de-privacidad\/\"]}]},{\"@type\":\"BreadcrumbList\",\"@id\":\"https:\/\/ayex.es\/ayexlegal\/politica-de-privacidad\/#breadcrumb\",\"itemListElement\":[{\"@type\":\"ListItem\",\"position\":1,\"name\":\"Portada\",\"item\":\"https:\/\/ayex.es\/ayexlegal\/\"},{\"@type\":\"ListItem\",\"position\":2,\"name\":\"Pol\u00edtica de privacidad\"}]},{\"@type\":\"WebSite\",\"@id\":\"https:\/\/ayex.es\/ayexlegal\/#website\",\"url\":\"https:\/\/ayex.es\/ayexlegal\/\",\"name\":\"Ayex Legal - Servicios de inmigraci\u00f3n y relocation\",\"description\":\"Despacho de abogados especialistas en servicios migratorios y relocation, expatriados, tarjetas de trabajo, tarjetas de estudiante, tarjetas de residencia y visados.\",\"publisher\":{\"@id\":\"https:\/\/ayex.es\/ayexlegal\/#organization\"},\"potentialAction\":[{\"@type\":\"SearchAction\",\"target\":{\"@type\":\"EntryPoint\",\"urlTemplate\":\"https:\/\/ayex.es\/ayexlegal\/?s={search_term_string}\"},\"query-input\":{\"@type\":\"PropertyValueSpecification\",\"valueRequired\":true,\"valueName\":\"search_term_string\"}}],\"inLanguage\":\"es\"},{\"@type\":\"Organization\",\"@id\":\"https:\/\/ayex.es\/ayexlegal\/#organization\",\"name\":\"Ayex Legal\",\"url\":\"https:\/\/ayex.es\/ayexlegal\/\",\"logo\":{\"@type\":\"ImageObject\",\"inLanguage\":\"es\",\"@id\":\"https:\/\/ayex.es\/ayexlegal\/#\/schema\/logo\/image\/\",\"url\":\"https:\/\/www.ayex.es\/ayexlegal\/wp-content\/uploads\/2020\/01\/logo-web.png\",\"contentUrl\":\"https:\/\/www.ayex.es\/ayexlegal\/wp-content\/uploads\/2020\/01\/logo-web.png\",\"width\":360,\"height\":130,\"caption\":\"Ayex Legal\"},\"image\":{\"@id\":\"https:\/\/ayex.es\/ayexlegal\/#\/schema\/logo\/image\/\"},\"sameAs\":[\"https:\/\/www.facebook.com\/AYEXLEGAL\",\"http:\/\/www.linkedin.com\/company\/ayex-legal\"]}]}<\/script>\n<!-- \/ Yoast SEO plugin. -->","yoast_head_json":{"title":"Pol\u00edtica de privacidad - Ayex Legal - Servicios de inmigraci\u00f3n y relocation","description":"Abogados expertos en servicios de inmigraci\u00f3n, extranjer\u00eda y relocation para empresas y particulares.","robots":{"index":"index","follow":"follow","max-snippet":"max-snippet:-1","max-image-preview":"max-image-preview:large","max-video-preview":"max-video-preview:-1"},"canonical":"https:\/\/ayex.es\/ayexlegal\/politica-de-privacidad\/","og_locale":"es_ES","og_type":"article","og_title":"Pol\u00edtica de privacidad - Ayex Legal - Servicios de inmigraci\u00f3n y relocation","og_description":"Abogados expertos en servicios de inmigraci\u00f3n, extranjer\u00eda y relocation para empresas y particulares.","og_url":"https:\/\/ayex.es\/ayexlegal\/politica-de-privacidad\/","og_site_name":"Ayex Legal - Servicios de inmigraci\u00f3n y relocation","article_publisher":"https:\/\/www.facebook.com\/AYEXLEGAL","article_modified_time":"2020-02-28T18:11:10+00:00","twitter_card":"summary_large_image","twitter_misc":{"Tiempo de lectura":"12 minutos"},"schema":{"@context":"https:\/\/schema.org","@graph":[{"@type":"WebPage","@id":"https:\/\/ayex.es\/ayexlegal\/politica-de-privacidad\/","url":"https:\/\/ayex.es\/ayexlegal\/politica-de-privacidad\/","name":"Pol\u00edtica de privacidad - Ayex Legal - Servicios de inmigraci\u00f3n y relocation","isPartOf":{"@id":"https:\/\/ayex.es\/ayexlegal\/#website"},"datePublished":"2020-02-28T17:50:39+00:00","dateModified":"2020-02-28T18:11:10+00:00","description":"Abogados expertos en servicios de inmigraci\u00f3n, extranjer\u00eda y relocation para empresas y particulares.","breadcrumb":{"@id":"https:\/\/ayex.es\/ayexlegal\/politica-de-privacidad\/#breadcrumb"},"inLanguage":"es","potentialAction":[{"@type":"ReadAction","target":["https:\/\/ayex.es\/ayexlegal\/politica-de-privacidad\/"]}]},{"@type":"BreadcrumbList","@id":"https:\/\/ayex.es\/ayexlegal\/politica-de-privacidad\/#breadcrumb","itemListElement":[{"@type":"ListItem","position":1,"name":"Portada","item":"https:\/\/ayex.es\/ayexlegal\/"},{"@type":"ListItem","position":2,"name":"Pol\u00edtica de privacidad"}]},{"@type":"WebSite","@id":"https:\/\/ayex.es\/ayexlegal\/#website","url":"https:\/\/ayex.es\/ayexlegal\/","name":"Ayex Legal - Servicios de inmigraci\u00f3n y relocation","description":"Despacho de abogados especialistas en servicios migratorios y relocation, expatriados, tarjetas de trabajo, tarjetas de estudiante, tarjetas de residencia y visados.","publisher":{"@id":"https:\/\/ayex.es\/ayexlegal\/#organization"},"potentialAction":[{"@type":"SearchAction","target":{"@type":"EntryPoint","urlTemplate":"https:\/\/ayex.es\/ayexlegal\/?s={search_term_string}"},"query-input":{"@type":"PropertyValueSpecification","valueRequired":true,"valueName":"search_term_string"}}],"inLanguage":"es"},{"@type":"Organization","@id":"https:\/\/ayex.es\/ayexlegal\/#organization","name":"Ayex Legal","url":"https:\/\/ayex.es\/ayexlegal\/","logo":{"@type":"ImageObject","inLanguage":"es","@id":"https:\/\/ayex.es\/ayexlegal\/#\/schema\/logo\/image\/","url":"https:\/\/www.ayex.es\/ayexlegal\/wp-content\/uploads\/2020\/01\/logo-web.png","contentUrl":"https:\/\/www.ayex.es\/ayexlegal\/wp-content\/uploads\/2020\/01\/logo-web.png","width":360,"height":130,"caption":"Ayex Legal"},"image":{"@id":"https:\/\/ayex.es\/ayexlegal\/#\/schema\/logo\/image\/"},"sameAs":["https:\/\/www.facebook.com\/AYEXLEGAL","http:\/\/www.linkedin.com\/company\/ayex-legal"]}]}},"post_mailing_queue_ids":[],"_links":{"self":[{"href":"https:\/\/ayex.es\/ayexlegal\/wp-json\/wp\/v2\/pages\/4119","targetHints":{"allow":["GET"]}}],"collection":[{"href":"https:\/\/ayex.es\/ayexlegal\/wp-json\/wp\/v2\/pages"}],"about":[{"href":"https:\/\/ayex.es\/ayexlegal\/wp-json\/wp\/v2\/types\/page"}],"author":[{"embeddable":true,"href":"https:\/\/ayex.es\/ayexlegal\/wp-json\/wp\/v2\/users\/1"}],"replies":[{"embeddable":true,"href":"https:\/\/ayex.es\/ayexlegal\/wp-json\/wp\/v2\/comments?post=4119"}],"version-history":[{"count":13,"href":"https:\/\/ayex.es\/ayexlegal\/wp-json\/wp\/v2\/pages\/4119\/revisions"}],"predecessor-version":[{"id":4132,"href":"https:\/\/ayex.es\/ayexlegal\/wp-json\/wp\/v2\/pages\/4119\/revisions\/4132"}],"wp:attachment":[{"href":"https:\/\/ayex.es\/ayexlegal\/wp-json\/wp\/v2\/media?parent=4119"}],"curies":[{"name":"wp","href":"https:\/\/api.w.org\/{rel}","templated":true}]}}