{"id":4133,"date":"2020-02-28T18:04:51","date_gmt":"2020-02-28T18:04:51","guid":{"rendered":"http:\/\/www.ayex.es\/ayexlegal\/?page_id=4133"},"modified":"2020-02-28T18:09:51","modified_gmt":"2020-02-28T18:09:51","slug":"aviso-legal-2","status":"publish","type":"page","link":"https:\/\/ayex.es\/ayexlegal\/aviso-legal-2\/","title":{"rendered":"Aviso legal"},"content":{"rendered":"<section id=\"bt_bb_section69d50161d507e\" class=\"bt_bb_section bt_bb_layout_boxed_1200 bt_bb_full_screen bt_bb_vertical_align_top\"  data-bt-override-class=\"null\"><div class=\"bt_bb_port\"><div class=\"bt_bb_cell\"><div class=\"bt_bb_cell_inner\"><div class=\"bt_bb_row \"  data-bt-override-class=\"{}\"><div class=\"bt_bb_row_holder\" ><div  class=\"bt_bb_column col-xl-12 bt_bb_align_left bt_bb_padding_normal\"  data-width=\"12\" data-bt-override-class=\"{}\"><div class=\"bt_bb_column_content bt_bb_vertical_align_top bt_bb_color_scheme_\"><div class=\"bt_bb_column_content_inner\"><header class=\"bt_bb_headline bt_bb_font_weight_light bt_bb_dash_none bt_bb_size_large bt_bb_align_left\" data-bt-override-class=\"{}\"><h2 class=\"bt_bb_headline_tag\"><span class=\"bt_bb_headline_content\"><span>Aviso Legal<\/span><\/span><\/h2><\/header><div class=\"bt_bb_separator bt_bb_border_style_none bt_bb_top_spacing_small\" data-bt-override-class=\"null\"><\/div><div  class=\"bt_bb_text\" ><\/p>\n<h2>Identificaci\u00f3n y Titularidad<\/h2>\n<p>En cumplimiento del art\u00edculo 10 de la Ley 34\/2002, de 11 de julio, de Servicios de la Sociedad de la Informaci\u00f3n y Comercio Electr\u00f3nico, el Titular expone sus datos identificativos.<\/p>\n<ul>\n<li><b>Titular:<\/b> Alejandra L\u00f3pez Ar\u00e9valo.<\/li>\n<li><b>NIF:<\/b> 05206574H<\/li>\n<li><b>Domicilio:<\/b> C\/ Cepas, 9 &#8211; 28270 (Colmenarejo), Madrid &#8211; Espa\u00f1a.<\/li>\n<li><b>Correo electr\u00f3nico:<\/b> info@ayex.es<\/li>\n<li><b>Sitio Web:<\/b> <a href=\"https:\/\/ayex.es\/ayexlegal\">https:\/\/ayex.es\/ayexlegal<\/a><\/li>\n<\/ul>\n<h2>Finalidad<\/h2>\n<p>La finalidad del sitio Web <a href=\"https:\/\/ayex.es\/ayexlegal\">https:\/\/ayex.es\/ayexlegal<\/a> es Prestaci\u00f3n de servicios de asesoramiento legal.<\/p>\n<h2>Condiciones de Uso<\/h2>\n<p>La utilizaci\u00f3n del sitio Web te otorga la condici\u00f3n de Usuario, e implica la aceptaci\u00f3n completa de todas las cl\u00e1usulas y condiciones de uso incluidas en las p\u00e1ginas:<\/p>\n<ul>\n<li><a href=\"https:\/\/ayex.es\/ayexlegal\/aviso-legal\/\">Aviso Legal<\/a><\/li>\n<li><a href=\"https:\/\/ayex.es\/ayexlegal\/politica-de-privacidad\/\">Pol\u00edtica de Privacidad<\/a><\/li>\n<li><a href=\"https:\/\/ayex.es\/ayexlegal\/politica-de-cookies\/\">Pol\u00edtica de Cookies<\/a><\/li>\n<\/ul>\n<p>Si no est\u00e1s conforme con todas y cada una de estas cl\u00e1usulas y condiciones te abstendr\u00e1s de utilizar este sitio Web.<\/p>\n<p>El acceso a este sitio Web no supone, en modo alguno, el inicio de una relaci\u00f3n comercial con Alejandra L\u00f3pez Ar\u00e9valo.<\/p>\n<p>A trav\u00e9s de este sitio Web, el Titular te facilita el acceso y la utilizaci\u00f3n de diversos contenidos que el Titular o sus colaboradores han publicado por medio de Internet.<\/p>\n<p>A tal efecto, te obligas y comprometes a NO utilizar cualquiera de los contenidos del sitio Web con fines o efectos il\u00edcitos, prohibidos en este Aviso Legal o por la legislaci\u00f3n vigente, lesivos de los derechos e intereses de terceros, o que de cualquier forma puedan da\u00f1ar, inutilizar, sobrecargar, deteriorar o impedir la normal utilizaci\u00f3n de los contenidos, los equipos inform\u00e1ticos o los documentos, archivos y toda clase de contenidos almacenados en cualquier equipo inform\u00e1tico propios o contratados por Alejandra L\u00f3pez Ar\u00e9valo, de otros usuarios o de cualquier usuario de Internet.<\/p>\n<h2>Medidas de seguridad<\/h2>\n<p>Los datos personales que facilites al Titular pueden ser almacenados en bases de datos automatizadas o no, cuya titularidad corresponde en exclusiva a Alejandra L\u00f3pez Ar\u00e9valo, que asume todas las medidas de \u00edndole t\u00e9cnica, organizativa y de seguridad que garantizan la confidencialidad, integridad y calidad de la informaci\u00f3n contenida en las mismas de acuerdo con lo establecido en la normativa vigente en protecci\u00f3n de datos.<\/p>\n<p>No obstante, debes ser consciente de que las medidas de seguridad de los sistemas inform\u00e1ticos en Internet no son enteramente fiables y que, por tanto el Titular no puede garantizar la inexistencia de virus u otros elementos que puedan producir alteraciones en los sistemas inform\u00e1ticos (software y hardware) del Usuario o en sus documentos electr\u00f3nicos y ficheros contenidos en los mismos aunque el Titular pone todos los medios necesarios y toma las medidas de seguridad oportunas para evitar la presencia de estos elementos da\u00f1inos.<\/p>\n<h2>Datos personales<\/h2>\n<p>Puedes consultar toda la informaci\u00f3n relativa al tratamiento de datos personales que recoge el Titular en la p\u00e1gina de <a href=\"https:\/\/ayex.es\/ayexlegal\/politica-de-privacidad\/\">Pol\u00edtica de Privacidad<\/a>.<\/p>\n<h2>Contenidos<\/h2>\n<p>El Titular ha obtenido la informaci\u00f3n, el contenido multimedia y los materiales incluidos en el sitio Web de fuentes que considera fiables, pero, si bien ha tomado todas las medidas razonables para asegurar que la informaci\u00f3n contenida es correcta, el Titular no garantiza que sea exacta, completa o actualizada. Alejandra L\u00f3pez Ar\u00e9valo declina expresamente cualquier responsabilidad por error u omisi\u00f3n en la informaci\u00f3n contenida en las p\u00e1ginas de este sitio Web.<\/p>\n<p>Queda prohibido transmitir o enviar a trav\u00e9s del sitio Web cualquier contenido ilegal o il\u00edcito, virus inform\u00e1ticos, o mensajes que, en general, afecten o violen derechos de\u00a0el Titular o de terceros.<\/p>\n<p>Los contenidos de <a href=\"https:\/\/ayex.es\/ayexlegal\">https:\/\/ayex.es\/ayexlegal<\/a> tienen \u00fanicamente una finalidad informativa y bajo ninguna circunstancia deben usarse ni considerarse como oferta de venta, solicitud de una oferta de compra ni recomendaci\u00f3n para realizar cualquier otra operaci\u00f3n, salvo que as\u00ed se indique expresamente.<\/p>\n<p>Alejandra L\u00f3pez Ar\u00e9valo se reserva el derecho a modificar, suspender, cancelar o restringir el contenido de <a href=\"https:\/\/ayex.es\/ayexlegal\">https:\/\/ayex.es\/ayexlegal<\/a>, los v\u00ednculos o la informaci\u00f3n obtenida a trav\u00e9s del sitio Web, sin necesidad de previo aviso.<\/p>\n<p>Alejandra L\u00f3pez Ar\u00e9valo\u00a0no es responsable de los da\u00f1os y perjuicios que pudieran derivarse de la utilizaci\u00f3n de la informaci\u00f3n del sitio Web o de la contenida en las redes sociales del Titular.<\/p>\n<h2>Pol\u00edtica de cookies<\/h2>\n<p>En la p\u00e1gina <a href=\"https:\/\/ayex.es\/ayexlegal\/politica-de-cookies\/\">Pol\u00edtica de Cookies<\/a> puedes consultar toda la informaci\u00f3n relativa a la pol\u00edtica de recogida y tratamiento de las cookies.<\/p>\n<h2>Enlaces a otros sitios Web<\/h2>\n<p>El Titular puede proporcionarte acceso a sitios Web de terceros mediante enlaces con la finalidad exclusiva de informarte sobre la existencia de otras fuentes de informaci\u00f3n en Internet en las que podr\u00e1s ampliar los datos ofrecidos en el sitio Web.<\/p>\n<p>Estos enlaces a otros sitios Web no suponen en ning\u00fan caso una sugerencia o recomendaci\u00f3n para que visites las p\u00e1ginas web de destino, que est\u00e1n fuera del control del Titular, por lo que Alejandra L\u00f3pez Ar\u00e9valo no es responsable del contenido de los sitios web vinculados ni del resultado que obtengas al seguir los enlaces.<\/p>\n<p>Asimismo, Alejandra L\u00f3pez Ar\u00e9valo no responde de los links o enlaces ubicados en los sitios web vinculados a los que te proporciona acceso.<\/p>\n<p>El establecimiento del enlace no implica en ning\u00fan caso la existencia de relaciones entre Alejandra L\u00f3pez Ar\u00e9valo y el propietario del sitio en el que se establezca el enlace, ni la aceptaci\u00f3n o aprobaci\u00f3n por parte del Titular de sus contenidos o servicios.<\/p>\n<p>Si accedes a un sitio Web externo desde un enlace que encuentres en <a href=\"https:\/\/ayex.es\/ayexlegal\">https:\/\/ayex.es\/ayexlegal<\/a> deber\u00e1s leer la propia pol\u00edtica de privacidad del otro sitio web que puede ser diferente de la de este sitio Web.<\/p>\n<h2>Propiedad intelectual e industrial<\/h2>\n<p>Todos los derechos est\u00e1n reservados.<\/p>\n<p>Todo acceso a este sitio Web est\u00e1 sujeto a las siguientes condiciones: la reproducci\u00f3n, almacenaje permanente y la difusi\u00f3n de los contenidos o cualquier otro uso que tenga finalidad p\u00fablica o comercial queda expresamente prohibida sin el consentimiento previo expreso y por escrito de Alejandra L\u00f3pez Ar\u00e9valo.<\/p>\n<h2>Limitaci\u00f3n de responsabilidad<\/h2>\n<p>Alejandra L\u00f3pez Ar\u00e9valo declina cualquier responsabilidad en caso de que existan interrupciones o un mal funcionamiento de los Servicios o contenidos ofrecidos en Internet, cualquiera que sea su causa. Asimismo, el Titular no se hace responsable por ca\u00eddas de la red, p\u00e9rdidas de negocio a consecuencia de dichas ca\u00eddas, suspensiones temporales de fluido el\u00e9ctrico o cualquier otro tipo de da\u00f1o indirecto que te pueda ser causado por causas ajenas a el Titular.<\/p>\n<p>Antes de tomar decisiones y\/o acciones con base a la informaci\u00f3n incluida en el sitio Web, el Titular te recomienda comprobar y contrastar la informaci\u00f3n recibida con otras fuentes.<\/p>\n<h2>Jurisdicci\u00f3n<\/h2>\n<p>Este Aviso Legal se rige \u00edntegramente por la legislaci\u00f3n espa\u00f1ola.<\/p>\n<h2>Contacto<\/h2>\n<p>En caso de que tengas cualquier duda acerca de estas Condiciones legales o quieras realizar cualquier comentario sobre este sitio Web, puedes enviar un mensaje de correo electr\u00f3nico a la direcci\u00f3n info@ayex.es.<\/p>\n<p>\n<\/div><div class=\"bt_bb_separator bt_bb_border_style_none bt_bb_top_spacing_normal\" data-bt-override-class=\"null\"><\/div><\/div><\/div><\/div><\/div><\/div><\/div><!-- cell_inner --><\/div><!-- cell --><\/div><!-- port --><\/section>\n","protected":false},"excerpt":{"rendered":"","protected":false},"author":1,"featured_media":0,"parent":0,"menu_order":0,"comment_status":"closed","ping_status":"closed","template":"","meta":{"footnotes":""},"class_list":["post-4133","page","type-page","status-publish","hentry"],"yoast_head":"<!-- This site is optimized with the Yoast SEO plugin v27.1.1 - https:\/\/yoast.com\/product\/yoast-seo-wordpress\/ -->\n<title>Aviso legal - Ayex Legal - Servicios de inmigraci\u00f3n y relocation<\/title>\n<meta name=\"description\" content=\"Abogados expertos en servicios de inmigraci\u00f3n, extranjer\u00eda y relocation para empresas y particulares.\" \/>\n<meta name=\"robots\" content=\"index, follow, max-snippet:-1, max-image-preview:large, max-video-preview:-1\" \/>\n<link rel=\"canonical\" href=\"https:\/\/ayex.es\/ayexlegal\/aviso-legal-2\/\" \/>\n<meta property=\"og:locale\" content=\"es_ES\" \/>\n<meta property=\"og:type\" content=\"article\" \/>\n<meta property=\"og:title\" content=\"Aviso legal - Ayex Legal - Servicios de inmigraci\u00f3n y relocation\" \/>\n<meta property=\"og:description\" content=\"Abogados expertos en servicios de inmigraci\u00f3n, extranjer\u00eda y relocation para empresas y particulares.\" \/>\n<meta property=\"og:url\" content=\"https:\/\/ayex.es\/ayexlegal\/aviso-legal-2\/\" \/>\n<meta property=\"og:site_name\" content=\"Ayex Legal - Servicios de inmigraci\u00f3n y relocation\" \/>\n<meta property=\"article:publisher\" content=\"https:\/\/www.facebook.com\/AYEXLEGAL\" \/>\n<meta property=\"article:modified_time\" content=\"2020-02-28T18:09:51+00:00\" \/>\n<meta name=\"twitter:card\" content=\"summary_large_image\" \/>\n<meta name=\"twitter:label1\" content=\"Tiempo de lectura\" \/>\n\t<meta name=\"twitter:data1\" content=\"7 minutos\" \/>\n<script type=\"application\/ld+json\" class=\"yoast-schema-graph\">{\"@context\":\"https:\/\/schema.org\",\"@graph\":[{\"@type\":\"WebPage\",\"@id\":\"https:\/\/ayex.es\/ayexlegal\/aviso-legal-2\/\",\"url\":\"https:\/\/ayex.es\/ayexlegal\/aviso-legal-2\/\",\"name\":\"Aviso legal - Ayex Legal - Servicios de inmigraci\u00f3n y relocation\",\"isPartOf\":{\"@id\":\"https:\/\/ayex.es\/ayexlegal\/#website\"},\"datePublished\":\"2020-02-28T18:04:51+00:00\",\"dateModified\":\"2020-02-28T18:09:51+00:00\",\"description\":\"Abogados expertos en servicios de inmigraci\u00f3n, extranjer\u00eda y relocation para empresas y particulares.\",\"breadcrumb\":{\"@id\":\"https:\/\/ayex.es\/ayexlegal\/aviso-legal-2\/#breadcrumb\"},\"inLanguage\":\"es\",\"potentialAction\":[{\"@type\":\"ReadAction\",\"target\":[\"https:\/\/ayex.es\/ayexlegal\/aviso-legal-2\/\"]}]},{\"@type\":\"BreadcrumbList\",\"@id\":\"https:\/\/ayex.es\/ayexlegal\/aviso-legal-2\/#breadcrumb\",\"itemListElement\":[{\"@type\":\"ListItem\",\"position\":1,\"name\":\"Portada\",\"item\":\"https:\/\/ayex.es\/ayexlegal\/\"},{\"@type\":\"ListItem\",\"position\":2,\"name\":\"Aviso legal\"}]},{\"@type\":\"WebSite\",\"@id\":\"https:\/\/ayex.es\/ayexlegal\/#website\",\"url\":\"https:\/\/ayex.es\/ayexlegal\/\",\"name\":\"Ayex Legal - Servicios de inmigraci\u00f3n y relocation\",\"description\":\"Despacho de abogados especialistas en servicios migratorios y relocation, expatriados, tarjetas de trabajo, tarjetas de estudiante, tarjetas de residencia y visados.\",\"publisher\":{\"@id\":\"https:\/\/ayex.es\/ayexlegal\/#organization\"},\"potentialAction\":[{\"@type\":\"SearchAction\",\"target\":{\"@type\":\"EntryPoint\",\"urlTemplate\":\"https:\/\/ayex.es\/ayexlegal\/?s={search_term_string}\"},\"query-input\":{\"@type\":\"PropertyValueSpecification\",\"valueRequired\":true,\"valueName\":\"search_term_string\"}}],\"inLanguage\":\"es\"},{\"@type\":\"Organization\",\"@id\":\"https:\/\/ayex.es\/ayexlegal\/#organization\",\"name\":\"Ayex Legal\",\"url\":\"https:\/\/ayex.es\/ayexlegal\/\",\"logo\":{\"@type\":\"ImageObject\",\"inLanguage\":\"es\",\"@id\":\"https:\/\/ayex.es\/ayexlegal\/#\/schema\/logo\/image\/\",\"url\":\"https:\/\/www.ayex.es\/ayexlegal\/wp-content\/uploads\/2020\/01\/logo-web.png\",\"contentUrl\":\"https:\/\/www.ayex.es\/ayexlegal\/wp-content\/uploads\/2020\/01\/logo-web.png\",\"width\":360,\"height\":130,\"caption\":\"Ayex Legal\"},\"image\":{\"@id\":\"https:\/\/ayex.es\/ayexlegal\/#\/schema\/logo\/image\/\"},\"sameAs\":[\"https:\/\/www.facebook.com\/AYEXLEGAL\",\"http:\/\/www.linkedin.com\/company\/ayex-legal\"]}]}<\/script>\n<!-- \/ Yoast SEO plugin. -->","yoast_head_json":{"title":"Aviso legal - Ayex Legal - Servicios de inmigraci\u00f3n y relocation","description":"Abogados expertos en servicios de inmigraci\u00f3n, extranjer\u00eda y relocation para empresas y particulares.","robots":{"index":"index","follow":"follow","max-snippet":"max-snippet:-1","max-image-preview":"max-image-preview:large","max-video-preview":"max-video-preview:-1"},"canonical":"https:\/\/ayex.es\/ayexlegal\/aviso-legal-2\/","og_locale":"es_ES","og_type":"article","og_title":"Aviso legal - Ayex Legal - Servicios de inmigraci\u00f3n y relocation","og_description":"Abogados expertos en servicios de inmigraci\u00f3n, extranjer\u00eda y relocation para empresas y particulares.","og_url":"https:\/\/ayex.es\/ayexlegal\/aviso-legal-2\/","og_site_name":"Ayex Legal - Servicios de inmigraci\u00f3n y relocation","article_publisher":"https:\/\/www.facebook.com\/AYEXLEGAL","article_modified_time":"2020-02-28T18:09:51+00:00","twitter_card":"summary_large_image","twitter_misc":{"Tiempo de lectura":"7 minutos"},"schema":{"@context":"https:\/\/schema.org","@graph":[{"@type":"WebPage","@id":"https:\/\/ayex.es\/ayexlegal\/aviso-legal-2\/","url":"https:\/\/ayex.es\/ayexlegal\/aviso-legal-2\/","name":"Aviso legal - Ayex Legal - Servicios de inmigraci\u00f3n y relocation","isPartOf":{"@id":"https:\/\/ayex.es\/ayexlegal\/#website"},"datePublished":"2020-02-28T18:04:51+00:00","dateModified":"2020-02-28T18:09:51+00:00","description":"Abogados expertos en servicios de inmigraci\u00f3n, extranjer\u00eda y relocation para empresas y particulares.","breadcrumb":{"@id":"https:\/\/ayex.es\/ayexlegal\/aviso-legal-2\/#breadcrumb"},"inLanguage":"es","potentialAction":[{"@type":"ReadAction","target":["https:\/\/ayex.es\/ayexlegal\/aviso-legal-2\/"]}]},{"@type":"BreadcrumbList","@id":"https:\/\/ayex.es\/ayexlegal\/aviso-legal-2\/#breadcrumb","itemListElement":[{"@type":"ListItem","position":1,"name":"Portada","item":"https:\/\/ayex.es\/ayexlegal\/"},{"@type":"ListItem","position":2,"name":"Aviso legal"}]},{"@type":"WebSite","@id":"https:\/\/ayex.es\/ayexlegal\/#website","url":"https:\/\/ayex.es\/ayexlegal\/","name":"Ayex Legal - Servicios de inmigraci\u00f3n y relocation","description":"Despacho de abogados especialistas en servicios migratorios y relocation, expatriados, tarjetas de trabajo, tarjetas de estudiante, tarjetas de residencia y visados.","publisher":{"@id":"https:\/\/ayex.es\/ayexlegal\/#organization"},"potentialAction":[{"@type":"SearchAction","target":{"@type":"EntryPoint","urlTemplate":"https:\/\/ayex.es\/ayexlegal\/?s={search_term_string}"},"query-input":{"@type":"PropertyValueSpecification","valueRequired":true,"valueName":"search_term_string"}}],"inLanguage":"es"},{"@type":"Organization","@id":"https:\/\/ayex.es\/ayexlegal\/#organization","name":"Ayex Legal","url":"https:\/\/ayex.es\/ayexlegal\/","logo":{"@type":"ImageObject","inLanguage":"es","@id":"https:\/\/ayex.es\/ayexlegal\/#\/schema\/logo\/image\/","url":"https:\/\/www.ayex.es\/ayexlegal\/wp-content\/uploads\/2020\/01\/logo-web.png","contentUrl":"https:\/\/www.ayex.es\/ayexlegal\/wp-content\/uploads\/2020\/01\/logo-web.png","width":360,"height":130,"caption":"Ayex Legal"},"image":{"@id":"https:\/\/ayex.es\/ayexlegal\/#\/schema\/logo\/image\/"},"sameAs":["https:\/\/www.facebook.com\/AYEXLEGAL","http:\/\/www.linkedin.com\/company\/ayex-legal"]}]}},"post_mailing_queue_ids":[],"_links":{"self":[{"href":"https:\/\/ayex.es\/ayexlegal\/wp-json\/wp\/v2\/pages\/4133","targetHints":{"allow":["GET"]}}],"collection":[{"href":"https:\/\/ayex.es\/ayexlegal\/wp-json\/wp\/v2\/pages"}],"about":[{"href":"https:\/\/ayex.es\/ayexlegal\/wp-json\/wp\/v2\/types\/page"}],"author":[{"embeddable":true,"href":"https:\/\/ayex.es\/ayexlegal\/wp-json\/wp\/v2\/users\/1"}],"replies":[{"embeddable":true,"href":"https:\/\/ayex.es\/ayexlegal\/wp-json\/wp\/v2\/comments?post=4133"}],"version-history":[{"count":2,"href":"https:\/\/ayex.es\/ayexlegal\/wp-json\/wp\/v2\/pages\/4133\/revisions"}],"predecessor-version":[{"id":4139,"href":"https:\/\/ayex.es\/ayexlegal\/wp-json\/wp\/v2\/pages\/4133\/revisions\/4139"}],"wp:attachment":[{"href":"https:\/\/ayex.es\/ayexlegal\/wp-json\/wp\/v2\/media?parent=4133"}],"curies":[{"name":"wp","href":"https:\/\/api.w.org\/{rel}","templated":true}]}}