{"id":4140,"date":"2020-02-28T18:13:52","date_gmt":"2020-02-28T18:13:52","guid":{"rendered":"http:\/\/www.ayex.es\/ayexlegal\/?page_id=4140"},"modified":"2020-03-03T09:32:04","modified_gmt":"2020-03-03T09:32:04","slug":"politica-de-cookies","status":"publish","type":"page","link":"https:\/\/ayex.es\/ayexlegal\/politica-de-cookies\/","title":{"rendered":"Pol\u00edtica de cookies"},"content":{"rendered":"<section id=\"bt_bb_section69f75282ea8ce\" class=\"bt_bb_section bt_bb_layout_boxed_1200 bt_bb_full_screen bt_bb_vertical_align_top\"  data-bt-override-class=\"null\"><div class=\"bt_bb_port\"><div class=\"bt_bb_cell\"><div class=\"bt_bb_cell_inner\"><div class=\"bt_bb_row \"  data-bt-override-class=\"{}\"><div class=\"bt_bb_row_holder\" ><div  class=\"bt_bb_column col-xl-12 bt_bb_align_left bt_bb_padding_normal\"  data-width=\"12\" data-bt-override-class=\"{}\"><div class=\"bt_bb_column_content bt_bb_vertical_align_top bt_bb_color_scheme_\"><div class=\"bt_bb_column_content_inner\"><header class=\"bt_bb_headline bt_bb_font_weight_light bt_bb_dash_none bt_bb_size_large bt_bb_align_left\" data-bt-override-class=\"{}\"><h2 class=\"bt_bb_headline_tag\"><span class=\"bt_bb_headline_content\"><span>Pol\u00edtica de cookies<\/span><\/span><\/h2><\/header><div class=\"bt_bb_separator bt_bb_border_style_none bt_bb_top_spacing_small\" data-bt-override-class=\"null\"><\/div><div  class=\"bt_bb_text\" ><\/p>\n<p>En cumplimiento con lo dispuesto en el art\u00edculo 22.2 de la Ley 34\/2002, de 11 de julio, de Servicios de la Sociedad de la Informaci\u00f3n y de Comercio Electr\u00f3nico, el Titular te informa que este sitio Web utiliza cookies, as\u00ed como sobre su pol\u00edtica de recogida y el tratamiento que hace de las mismas.<\/p>\n<h2>Qu\u00e9 son las cookies<\/h2>\n<p>Una cookie es un fichero que se descarga en tu ordenador al entrar a determinadas p\u00e1ginas web. Las cookies permiten a una p\u00e1gina web, entre otras cosas, almacenar y recuperar informaci\u00f3n sobre tus h\u00e1bitos de navegaci\u00f3n y \u2014dependiendo de la informaci\u00f3n que contengan y de la forma en que utilices tu equipo\u2014 pueden utilizarse para identificarte.<\/p>\n<h2>Tipos de cookies utilizadas<\/h2>\n<p>El sitio Web <a href=\"https:\/\/ayex.es\/ayexlegal\">https:\/\/ayex.es\/ayexlegal<\/a> utiliza los siguientes tipos de cookies:<\/p>\n<ul>\n<li><b>Cookies de an\u00e1lisis:<\/b> Son aquellas que, bien tratadas por el sitio Web o por terceros, permiten cuantificar el n\u00famero de usuarios y as\u00ed realizar la medici\u00f3n y an\u00e1lisis estad\u00edstico de la utilizaci\u00f3n que hacen los usuarios del sitio Web. Para ello se analiza la navegaci\u00f3n que realizas en este sitio Web con el fin de mejorarlo.<\/li>\n<li><b>Cookies t\u00e9cnicas:<\/b> Son aquellas tratadas por el sitio Web que permiten a los usuarios registrados navegar a trav\u00e9s del \u00e1rea restringida y a utilizar sus diferentes funciones, como por ejemplo, llevar a cabo el proceso de compra de un Producto o Servicio.<br \/>\nAlgunas cookies son esenciales para el funcionamiento del sitio Web, por ejemplo, el sistema de comentarios o el buscador.<\/li>\n<li><b>Cookies de personalizaci\u00f3n:<\/b> Son aquellas que permiten a los usuarios acceder al Servicio con algunas caracter\u00edsticas de car\u00e1cter general predefinidas en funci\u00f3n de una serie de criterios establecidos por el usuario como, por ejemplo, el idioma o el tipo de navegador a trav\u00e9s del cual se conecta a este sitio Web.<\/li>\n<\/ul>\n<h2>Desactivar las cookies<\/h2>\n<p>Puedes aceptar, bloquear o eliminar las cookies instaladas en tu equipo mediante la configuraci\u00f3n de las opciones del navegador.<\/p>\n<p>En los siguientes enlaces encontrar\u00e1s instrucciones para habilitar o deshabilitar las cookies en los navegadores m\u00e1s comunes.<\/p>\n<ul>\n<li><b>Firefox<\/b> <a href=\"http:\/\/support.mozilla.org\/es\/kb\/habilitar-y-deshabilitar-cookies-que-los-sitios-we\" rel=\"nofollow\">http:\/\/support.mozilla.org\/es\/kb\/habilitar-y-deshabilitar-cookies-que-los-sitios-we<\/a><\/li>\n<li><b>Safari<\/b> <a href=\"http:\/\/support.apple.com\/kb\/HT1677?viewlocale=es_ES\" rel=\"nofollow\">http:\/\/support.apple.com\/kb\/HT1677?viewlocale=es_ES<\/a><\/li>\n<li><b>Google Chrome<\/b> <a href=\"https:\/\/support.google.com\/chrome\/answer\/95647?hl=es\" rel=\"nofollow\">https:\/\/support.google.com\/chrome\/answer\/95647?hl=es<\/a><\/li>\n<\/ul>\n<h2>Cookies de terceros<\/h2>\n<p>El sitio Web utiliza los servicios de \u00abGoogle Analytics\u00bb que pueden instalar cookies que sirven para obtener estad\u00edsticas y datos publicitarios.<\/p>\n<p>El sitio Web incluye otras funcionalidades proporcionadas por las redes sociales y que pueden instalar cookies. Puedes compartir el contenido en tus redes sociales como Facebook, Twitter, Google +, Instagram o YouTube con los botones incluidos a tal efecto o con las herramientas para compartir propias de las redes sociales.<\/p>\n<h2>Advertencia sobre eliminar cookies<\/h2>\n<p>Puedes eliminar y bloquear las cookies de este sitio Web, pero parte del sitio no funcionar\u00e1 correctamente o su calidad puede verse afectada.<\/p>\n<h2>Contacto<\/h2>\n<p>En caso de que tengas cualquier duda acerca de esta Pol\u00edtica de Cookies o quieras realizar cualquier comentario sobre este sitio Web, puedes enviar un mensaje de correo electr\u00f3nico a la direcci\u00f3n info@ayex.es.<\/p>\n<div class=\"btSiteFooter\">\n<div class=\"bt_bb_wrapper\"><\/div>\n<\/div>\n<p>\n<\/div><div class=\"bt_bb_separator bt_bb_border_style_none bt_bb_top_spacing_normal\" data-bt-override-class=\"null\"><\/div><\/div><\/div><\/div><\/div><\/div><\/div><!-- cell_inner --><\/div><!-- cell --><\/div><!-- port --><\/section>\n","protected":false},"excerpt":{"rendered":"","protected":false},"author":1,"featured_media":0,"parent":0,"menu_order":0,"comment_status":"closed","ping_status":"closed","template":"","meta":{"footnotes":""},"class_list":["post-4140","page","type-page","status-publish","hentry"],"yoast_head":"<!-- This site is optimized with the Yoast SEO plugin v27.4 - https:\/\/yoast.com\/product\/yoast-seo-wordpress\/ -->\n<title>Pol\u00edtica de cookies - Ayex Legal - Servicios de inmigraci\u00f3n y relocation<\/title>\n<meta name=\"description\" content=\"Abogados expertos en servicios de inmigraci\u00f3n, extranjer\u00eda y relocation para empresas y particulares.\" \/>\n<meta name=\"robots\" content=\"index, follow, max-snippet:-1, max-image-preview:large, max-video-preview:-1\" \/>\n<link rel=\"canonical\" href=\"https:\/\/ayex.es\/ayexlegal\/politica-de-cookies\/\" \/>\n<meta property=\"og:locale\" content=\"es_ES\" \/>\n<meta property=\"og:type\" content=\"article\" \/>\n<meta property=\"og:title\" content=\"Pol\u00edtica de cookies - Ayex Legal - Servicios de inmigraci\u00f3n y relocation\" \/>\n<meta property=\"og:description\" content=\"Abogados expertos en servicios de inmigraci\u00f3n, extranjer\u00eda y relocation para empresas y particulares.\" \/>\n<meta property=\"og:url\" content=\"https:\/\/ayex.es\/ayexlegal\/politica-de-cookies\/\" \/>\n<meta property=\"og:site_name\" content=\"Ayex Legal - Servicios de inmigraci\u00f3n y relocation\" \/>\n<meta property=\"article:publisher\" content=\"https:\/\/www.facebook.com\/AYEXLEGAL\" \/>\n<meta property=\"article:modified_time\" content=\"2020-03-03T09:32:04+00:00\" \/>\n<meta name=\"twitter:card\" content=\"summary_large_image\" \/>\n<meta name=\"twitter:label1\" content=\"Tiempo de lectura\" \/>\n\t<meta name=\"twitter:data1\" content=\"4 minutos\" \/>\n<script type=\"application\/ld+json\" class=\"yoast-schema-graph\">{\"@context\":\"https:\\\/\\\/schema.org\",\"@graph\":[{\"@type\":\"WebPage\",\"@id\":\"https:\\\/\\\/ayex.es\\\/ayexlegal\\\/politica-de-cookies\\\/\",\"url\":\"https:\\\/\\\/ayex.es\\\/ayexlegal\\\/politica-de-cookies\\\/\",\"name\":\"Pol\u00edtica de cookies - Ayex Legal - Servicios de inmigraci\u00f3n y relocation\",\"isPartOf\":{\"@id\":\"https:\\\/\\\/ayex.es\\\/ayexlegal\\\/#website\"},\"datePublished\":\"2020-02-28T18:13:52+00:00\",\"dateModified\":\"2020-03-03T09:32:04+00:00\",\"description\":\"Abogados expertos en servicios de inmigraci\u00f3n, extranjer\u00eda y relocation para empresas y particulares.\",\"breadcrumb\":{\"@id\":\"https:\\\/\\\/ayex.es\\\/ayexlegal\\\/politica-de-cookies\\\/#breadcrumb\"},\"inLanguage\":\"es\",\"potentialAction\":[{\"@type\":\"ReadAction\",\"target\":[\"https:\\\/\\\/ayex.es\\\/ayexlegal\\\/politica-de-cookies\\\/\"]}]},{\"@type\":\"BreadcrumbList\",\"@id\":\"https:\\\/\\\/ayex.es\\\/ayexlegal\\\/politica-de-cookies\\\/#breadcrumb\",\"itemListElement\":[{\"@type\":\"ListItem\",\"position\":1,\"name\":\"Portada\",\"item\":\"https:\\\/\\\/ayex.es\\\/ayexlegal\\\/\"},{\"@type\":\"ListItem\",\"position\":2,\"name\":\"Pol\u00edtica de cookies\"}]},{\"@type\":\"WebSite\",\"@id\":\"https:\\\/\\\/ayex.es\\\/ayexlegal\\\/#website\",\"url\":\"https:\\\/\\\/ayex.es\\\/ayexlegal\\\/\",\"name\":\"Ayex Legal - Servicios de inmigraci\u00f3n y relocation\",\"description\":\"Despacho de abogados especialistas en servicios migratorios y relocation, expatriados, tarjetas de trabajo, tarjetas de estudiante, tarjetas de residencia y visados.\",\"publisher\":{\"@id\":\"https:\\\/\\\/ayex.es\\\/ayexlegal\\\/#organization\"},\"potentialAction\":[{\"@type\":\"SearchAction\",\"target\":{\"@type\":\"EntryPoint\",\"urlTemplate\":\"https:\\\/\\\/ayex.es\\\/ayexlegal\\\/?s={search_term_string}\"},\"query-input\":{\"@type\":\"PropertyValueSpecification\",\"valueRequired\":true,\"valueName\":\"search_term_string\"}}],\"inLanguage\":\"es\"},{\"@type\":\"Organization\",\"@id\":\"https:\\\/\\\/ayex.es\\\/ayexlegal\\\/#organization\",\"name\":\"Ayex Legal\",\"url\":\"https:\\\/\\\/ayex.es\\\/ayexlegal\\\/\",\"logo\":{\"@type\":\"ImageObject\",\"inLanguage\":\"es\",\"@id\":\"https:\\\/\\\/ayex.es\\\/ayexlegal\\\/#\\\/schema\\\/logo\\\/image\\\/\",\"url\":\"https:\\\/\\\/www.ayex.es\\\/ayexlegal\\\/wp-content\\\/uploads\\\/2020\\\/01\\\/logo-web.png\",\"contentUrl\":\"https:\\\/\\\/www.ayex.es\\\/ayexlegal\\\/wp-content\\\/uploads\\\/2020\\\/01\\\/logo-web.png\",\"width\":360,\"height\":130,\"caption\":\"Ayex Legal\"},\"image\":{\"@id\":\"https:\\\/\\\/ayex.es\\\/ayexlegal\\\/#\\\/schema\\\/logo\\\/image\\\/\"},\"sameAs\":[\"https:\\\/\\\/www.facebook.com\\\/AYEXLEGAL\",\"http:\\\/\\\/www.linkedin.com\\\/company\\\/ayex-legal\"]}]}<\/script>\n<!-- \/ Yoast SEO plugin. -->","yoast_head_json":{"title":"Pol\u00edtica de cookies - Ayex Legal - Servicios de inmigraci\u00f3n y relocation","description":"Abogados expertos en servicios de inmigraci\u00f3n, extranjer\u00eda y relocation para empresas y particulares.","robots":{"index":"index","follow":"follow","max-snippet":"max-snippet:-1","max-image-preview":"max-image-preview:large","max-video-preview":"max-video-preview:-1"},"canonical":"https:\/\/ayex.es\/ayexlegal\/politica-de-cookies\/","og_locale":"es_ES","og_type":"article","og_title":"Pol\u00edtica de cookies - Ayex Legal - Servicios de inmigraci\u00f3n y relocation","og_description":"Abogados expertos en servicios de inmigraci\u00f3n, extranjer\u00eda y relocation para empresas y particulares.","og_url":"https:\/\/ayex.es\/ayexlegal\/politica-de-cookies\/","og_site_name":"Ayex Legal - Servicios de inmigraci\u00f3n y relocation","article_publisher":"https:\/\/www.facebook.com\/AYEXLEGAL","article_modified_time":"2020-03-03T09:32:04+00:00","twitter_card":"summary_large_image","twitter_misc":{"Tiempo de lectura":"4 minutos"},"schema":{"@context":"https:\/\/schema.org","@graph":[{"@type":"WebPage","@id":"https:\/\/ayex.es\/ayexlegal\/politica-de-cookies\/","url":"https:\/\/ayex.es\/ayexlegal\/politica-de-cookies\/","name":"Pol\u00edtica de cookies - Ayex Legal - Servicios de inmigraci\u00f3n y relocation","isPartOf":{"@id":"https:\/\/ayex.es\/ayexlegal\/#website"},"datePublished":"2020-02-28T18:13:52+00:00","dateModified":"2020-03-03T09:32:04+00:00","description":"Abogados expertos en servicios de inmigraci\u00f3n, extranjer\u00eda y relocation para empresas y particulares.","breadcrumb":{"@id":"https:\/\/ayex.es\/ayexlegal\/politica-de-cookies\/#breadcrumb"},"inLanguage":"es","potentialAction":[{"@type":"ReadAction","target":["https:\/\/ayex.es\/ayexlegal\/politica-de-cookies\/"]}]},{"@type":"BreadcrumbList","@id":"https:\/\/ayex.es\/ayexlegal\/politica-de-cookies\/#breadcrumb","itemListElement":[{"@type":"ListItem","position":1,"name":"Portada","item":"https:\/\/ayex.es\/ayexlegal\/"},{"@type":"ListItem","position":2,"name":"Pol\u00edtica de cookies"}]},{"@type":"WebSite","@id":"https:\/\/ayex.es\/ayexlegal\/#website","url":"https:\/\/ayex.es\/ayexlegal\/","name":"Ayex Legal - Servicios de inmigraci\u00f3n y relocation","description":"Despacho de abogados especialistas en servicios migratorios y relocation, expatriados, tarjetas de trabajo, tarjetas de estudiante, tarjetas de residencia y visados.","publisher":{"@id":"https:\/\/ayex.es\/ayexlegal\/#organization"},"potentialAction":[{"@type":"SearchAction","target":{"@type":"EntryPoint","urlTemplate":"https:\/\/ayex.es\/ayexlegal\/?s={search_term_string}"},"query-input":{"@type":"PropertyValueSpecification","valueRequired":true,"valueName":"search_term_string"}}],"inLanguage":"es"},{"@type":"Organization","@id":"https:\/\/ayex.es\/ayexlegal\/#organization","name":"Ayex Legal","url":"https:\/\/ayex.es\/ayexlegal\/","logo":{"@type":"ImageObject","inLanguage":"es","@id":"https:\/\/ayex.es\/ayexlegal\/#\/schema\/logo\/image\/","url":"https:\/\/www.ayex.es\/ayexlegal\/wp-content\/uploads\/2020\/01\/logo-web.png","contentUrl":"https:\/\/www.ayex.es\/ayexlegal\/wp-content\/uploads\/2020\/01\/logo-web.png","width":360,"height":130,"caption":"Ayex Legal"},"image":{"@id":"https:\/\/ayex.es\/ayexlegal\/#\/schema\/logo\/image\/"},"sameAs":["https:\/\/www.facebook.com\/AYEXLEGAL","http:\/\/www.linkedin.com\/company\/ayex-legal"]}]}},"post_mailing_queue_ids":[],"_links":{"self":[{"href":"https:\/\/ayex.es\/ayexlegal\/wp-json\/wp\/v2\/pages\/4140","targetHints":{"allow":["GET"]}}],"collection":[{"href":"https:\/\/ayex.es\/ayexlegal\/wp-json\/wp\/v2\/pages"}],"about":[{"href":"https:\/\/ayex.es\/ayexlegal\/wp-json\/wp\/v2\/types\/page"}],"author":[{"embeddable":true,"href":"https:\/\/ayex.es\/ayexlegal\/wp-json\/wp\/v2\/users\/1"}],"replies":[{"embeddable":true,"href":"https:\/\/ayex.es\/ayexlegal\/wp-json\/wp\/v2\/comments?post=4140"}],"version-history":[{"count":2,"href":"https:\/\/ayex.es\/ayexlegal\/wp-json\/wp\/v2\/pages\/4140\/revisions"}],"predecessor-version":[{"id":4182,"href":"https:\/\/ayex.es\/ayexlegal\/wp-json\/wp\/v2\/pages\/4140\/revisions\/4182"}],"wp:attachment":[{"href":"https:\/\/ayex.es\/ayexlegal\/wp-json\/wp\/v2\/media?parent=4140"}],"curies":[{"name":"wp","href":"https:\/\/api.w.org\/{rel}","templated":true}]}}