{"id":4151,"date":"2020-03-02T10:22:50","date_gmt":"2020-03-02T10:22:50","guid":{"rendered":"http:\/\/www.ayex.es\/ayexlegal\/?page_id=4151"},"modified":"2020-03-02T10:24:11","modified_gmt":"2020-03-02T10:24:11","slug":"servicios-migratorios","status":"publish","type":"page","link":"https:\/\/ayex.es\/ayexlegal\/servicios-migratorios\/","title":{"rendered":"Servicios migratorios"},"content":{"rendered":"<section id=\"bt_bb_section6a0710228e0f0\" class=\"bt_bb_section bt_bb_layout_boxed_1200\"  data-bt-override-class=\"null\"><div class=\"bt_bb_port\"><div class=\"bt_bb_cell\"><div class=\"bt_bb_cell_inner\"><div class=\"bt_bb_row \"  data-bt-override-class=\"{}\"><div class=\"bt_bb_row_holder\" ><div  class=\"bt_bb_column col-xl-12 bt_bb_align_left bt_bb_padding_normal\"  data-width=\"12\" data-bt-override-class=\"{}\"><div class=\"bt_bb_column_content bt_bb_vertical_align_top bt_bb_color_scheme_\"><div class=\"bt_bb_column_content_inner\"><div class=\" bt_bb_row_inner\"   data-bt-override-class=\"{}\"><div class=\"bt_bb_row_inner_holder\"  ><div  class=\"bt_bb_column_inner col-xl-12 bt_bb_align_center bt_bb_vertical_align_top bt_bb_padding_normal\"  data-width=\"12\" data-bt-override-class=\"{}\"><div class=\"bt_bb_column_inner_content\"><div class=\"bt_bb_image bt_bb_shape_square bt_bb_target_self bt_bb_align_inherit bt_bb_hover_style_simple bt_bb_content_display_always bt_bb_content_align_middle\" data-bt-override-class=\"{}\"><span><img loading=\"lazy\" decoding=\"async\" width=\"768\" height=\"494\" src=\"https:\/\/ayex.es\/ayexlegal\/wp-content\/uploads\/2020\/03\/passport-3127934_1920-768x494.jpg\" class=\"attachment-medium_large size-medium_large\" alt=\"https:\/\/ayex.es\/ayexlegal\/wp-content\/uploads\/2020\/03\/passport-3127934_1920-768x494.jpg\" data-full_image_src=\"https:\/\/ayex.es\/ayexlegal\/wp-content\/uploads\/2020\/03\/passport-3127934_1920.jpg\" title=\"passport-3127934_1920\" srcset=\"https:\/\/ayex.es\/ayexlegal\/wp-content\/uploads\/2020\/03\/passport-3127934_1920-768x494.jpg 768w, https:\/\/ayex.es\/ayexlegal\/wp-content\/uploads\/2020\/03\/passport-3127934_1920-640x411.jpg 640w, https:\/\/ayex.es\/ayexlegal\/wp-content\/uploads\/2020\/03\/passport-3127934_1920-1280x823.jpg 1280w, https:\/\/ayex.es\/ayexlegal\/wp-content\/uploads\/2020\/03\/passport-3127934_1920-1536x987.jpg 1536w, https:\/\/ayex.es\/ayexlegal\/wp-content\/uploads\/2020\/03\/passport-3127934_1920-320x206.jpg 320w, https:\/\/ayex.es\/ayexlegal\/wp-content\/uploads\/2020\/03\/passport-3127934_1920.jpg 1920w\" sizes=\"auto, (max-width: 768px) 100vw, 768px\" \/><\/span><\/div><\/div><\/div><\/div><\/div><div class=\"bt_bb_separator bt_bb_border_style_none bt_bb_top_spacing_normal bt_bb_bottom_spacing_normal\" data-bt-override-class=\"null\"><\/div><header class=\"bt_bb_headline bt_bb_font_weight_semi-bold bt_bb_dash_none bt_bb_size_inherit bt_bb_align_inherit\" data-bt-override-class=\"{}\"><h5 class=\"bt_bb_headline_tag\"><span class=\"bt_bb_headline_content\"><span>Servicios de extranjer\u00eda que gestionamos<\/span><\/span><\/h5><\/header><div class=\"bt_bb_separator bt_bb_border_style_none bt_bb_top_spacing_medium\" data-bt-override-class=\"null\"><\/div><div  class=\"bt_bb_text\" ><\/p>\n<p><strong>L.O. 4\/2000<\/strong><\/p>\n<ul>\n<li>Autorizaci\u00f3n de trabajo y residencia por cuenta ajena<\/li>\n<li>Autorizaci\u00f3n de trabajo y residencia por cuenta propia<\/li>\n<li>Autorizaci\u00f3n de trabajo y residencia de transnacionales de servicios<\/li>\n<li>Reagrupaci\u00f3n familiar<\/li>\n<li>Residencia no lucrativa<\/li>\n<li>Tarjetas de estudios<\/li>\n<\/ul>\n<p><strong>LEY 14\/2013 DE APOYO A LOS EMPRENDEDORES<\/strong><\/p>\n<ul>\n<li>Residencia para trabajadores altamente cualificados<\/li>\n<li>Residencias por inversi\u00f3n<\/li>\n<li>Residencias de emprendedores<\/li>\n<li>Traslados intraempresariales<\/li>\n<li>Familiares<\/li>\n<\/ul>\n<p><strong>CIUDADANOS DE LA UNI\u00d3N EUROPEA<\/strong><\/p>\n<ul>\n<li>Obtenci\u00f3n registro ciudadano de la UE<\/li>\n<li>Tarjeta de familiar de ciudadano de la UE<\/li>\n<\/ul>\n<p><strong>OTRAS GESTIONES<\/strong><\/p>\n<ul>\n<li>Obtenci\u00f3n Nacionalidad espa\u00f1ola<\/li>\n<li>Obtenci\u00f3n y legalizaci\u00f3n de documentos<\/li>\n<li>Tr\u00e1mites Ministerio de Justicia, Hacienda, Seguridad Social<\/li>\n<li>Visados<\/li>\n<li>Obtenci\u00f3n de certificados: asignaci\u00f3n de NIE, Autorizaciones de regreso, de residencia, etc<\/li>\n<li>Pr\u00f3rrogas de estancia<\/li>\n<li>Informes t\u00e9cnico-jur\u00eddicos de extranjer\u00eda<\/li>\n<\/ul>\n<p>\n<\/div><div class=\"bt_bb_separator bt_bb_border_style_none bt_bb_top_spacing_extra_small\" data-bt-override-class=\"null\"><\/div><\/div><\/div><\/div><\/div><\/div><div class=\"bt_bb_row \"  data-bt-override-class=\"{}\"><div class=\"bt_bb_row_holder\" ><\/div><\/div><\/div><!-- cell_inner --><\/div><!-- cell --><\/div><!-- port --><\/section>\n","protected":false},"excerpt":{"rendered":"","protected":false},"author":1,"featured_media":0,"parent":0,"menu_order":0,"comment_status":"closed","ping_status":"closed","template":"","meta":{"footnotes":""},"class_list":["post-4151","page","type-page","status-publish","hentry"],"yoast_head":"<!-- This site is optimized with the Yoast SEO plugin v27.6 - https:\/\/yoast.com\/product\/yoast-seo-wordpress\/ -->\n<title>Servicios migratorios - Ayex Legal - Servicios de inmigraci\u00f3n y relocation<\/title>\n<meta name=\"description\" content=\"Abogados expertos en servicios de inmigraci\u00f3n, extranjer\u00eda y relocation para empresas y particulares.\" \/>\n<meta name=\"robots\" content=\"index, follow, max-snippet:-1, max-image-preview:large, max-video-preview:-1\" \/>\n<link rel=\"canonical\" href=\"https:\/\/ayex.es\/ayexlegal\/servicios-migratorios\/\" \/>\n<meta property=\"og:locale\" content=\"es_ES\" \/>\n<meta property=\"og:type\" content=\"article\" \/>\n<meta property=\"og:title\" content=\"Servicios migratorios - Ayex Legal - Servicios de inmigraci\u00f3n y relocation\" \/>\n<meta property=\"og:description\" content=\"Abogados expertos en servicios de inmigraci\u00f3n, extranjer\u00eda y relocation para empresas y particulares.\" \/>\n<meta property=\"og:url\" content=\"https:\/\/ayex.es\/ayexlegal\/servicios-migratorios\/\" \/>\n<meta property=\"og:site_name\" content=\"Ayex Legal - Servicios de inmigraci\u00f3n y relocation\" \/>\n<meta property=\"article:publisher\" content=\"https:\/\/www.facebook.com\/AYEXLEGAL\" \/>\n<meta property=\"article:modified_time\" content=\"2020-03-02T10:24:11+00:00\" \/>\n<meta name=\"twitter:card\" content=\"summary_large_image\" \/>\n<meta name=\"twitter:label1\" content=\"Tiempo de lectura\" \/>\n\t<meta name=\"twitter:data1\" content=\"2 minutos\" \/>\n<script type=\"application\/ld+json\" class=\"yoast-schema-graph\">{\"@context\":\"https:\\\/\\\/schema.org\",\"@graph\":[{\"@type\":\"WebPage\",\"@id\":\"https:\\\/\\\/ayex.es\\\/ayexlegal\\\/servicios-migratorios\\\/\",\"url\":\"https:\\\/\\\/ayex.es\\\/ayexlegal\\\/servicios-migratorios\\\/\",\"name\":\"Servicios migratorios - Ayex Legal - Servicios de inmigraci\u00f3n y relocation\",\"isPartOf\":{\"@id\":\"https:\\\/\\\/ayex.es\\\/ayexlegal\\\/#website\"},\"datePublished\":\"2020-03-02T10:22:50+00:00\",\"dateModified\":\"2020-03-02T10:24:11+00:00\",\"description\":\"Abogados expertos en servicios de inmigraci\u00f3n, extranjer\u00eda y relocation para empresas y particulares.\",\"breadcrumb\":{\"@id\":\"https:\\\/\\\/ayex.es\\\/ayexlegal\\\/servicios-migratorios\\\/#breadcrumb\"},\"inLanguage\":\"es\",\"potentialAction\":[{\"@type\":\"ReadAction\",\"target\":[\"https:\\\/\\\/ayex.es\\\/ayexlegal\\\/servicios-migratorios\\\/\"]}]},{\"@type\":\"BreadcrumbList\",\"@id\":\"https:\\\/\\\/ayex.es\\\/ayexlegal\\\/servicios-migratorios\\\/#breadcrumb\",\"itemListElement\":[{\"@type\":\"ListItem\",\"position\":1,\"name\":\"Portada\",\"item\":\"https:\\\/\\\/ayex.es\\\/ayexlegal\\\/\"},{\"@type\":\"ListItem\",\"position\":2,\"name\":\"Servicios migratorios\"}]},{\"@type\":\"WebSite\",\"@id\":\"https:\\\/\\\/ayex.es\\\/ayexlegal\\\/#website\",\"url\":\"https:\\\/\\\/ayex.es\\\/ayexlegal\\\/\",\"name\":\"Ayex Legal - Servicios de inmigraci\u00f3n y relocation\",\"description\":\"Despacho de abogados especialistas en servicios migratorios y relocation, expatriados, tarjetas de trabajo, tarjetas de estudiante, tarjetas de residencia y visados.\",\"publisher\":{\"@id\":\"https:\\\/\\\/ayex.es\\\/ayexlegal\\\/#organization\"},\"potentialAction\":[{\"@type\":\"SearchAction\",\"target\":{\"@type\":\"EntryPoint\",\"urlTemplate\":\"https:\\\/\\\/ayex.es\\\/ayexlegal\\\/?s={search_term_string}\"},\"query-input\":{\"@type\":\"PropertyValueSpecification\",\"valueRequired\":true,\"valueName\":\"search_term_string\"}}],\"inLanguage\":\"es\"},{\"@type\":\"Organization\",\"@id\":\"https:\\\/\\\/ayex.es\\\/ayexlegal\\\/#organization\",\"name\":\"Ayex Legal\",\"url\":\"https:\\\/\\\/ayex.es\\\/ayexlegal\\\/\",\"logo\":{\"@type\":\"ImageObject\",\"inLanguage\":\"es\",\"@id\":\"https:\\\/\\\/ayex.es\\\/ayexlegal\\\/#\\\/schema\\\/logo\\\/image\\\/\",\"url\":\"https:\\\/\\\/www.ayex.es\\\/ayexlegal\\\/wp-content\\\/uploads\\\/2020\\\/01\\\/logo-web.png\",\"contentUrl\":\"https:\\\/\\\/www.ayex.es\\\/ayexlegal\\\/wp-content\\\/uploads\\\/2020\\\/01\\\/logo-web.png\",\"width\":360,\"height\":130,\"caption\":\"Ayex Legal\"},\"image\":{\"@id\":\"https:\\\/\\\/ayex.es\\\/ayexlegal\\\/#\\\/schema\\\/logo\\\/image\\\/\"},\"sameAs\":[\"https:\\\/\\\/www.facebook.com\\\/AYEXLEGAL\",\"http:\\\/\\\/www.linkedin.com\\\/company\\\/ayex-legal\"]}]}<\/script>\n<!-- \/ Yoast SEO plugin. -->","yoast_head_json":{"title":"Servicios migratorios - Ayex Legal - Servicios de inmigraci\u00f3n y relocation","description":"Abogados expertos en servicios de inmigraci\u00f3n, extranjer\u00eda y relocation para empresas y particulares.","robots":{"index":"index","follow":"follow","max-snippet":"max-snippet:-1","max-image-preview":"max-image-preview:large","max-video-preview":"max-video-preview:-1"},"canonical":"https:\/\/ayex.es\/ayexlegal\/servicios-migratorios\/","og_locale":"es_ES","og_type":"article","og_title":"Servicios migratorios - Ayex Legal - Servicios de inmigraci\u00f3n y relocation","og_description":"Abogados expertos en servicios de inmigraci\u00f3n, extranjer\u00eda y relocation para empresas y particulares.","og_url":"https:\/\/ayex.es\/ayexlegal\/servicios-migratorios\/","og_site_name":"Ayex Legal - Servicios de inmigraci\u00f3n y relocation","article_publisher":"https:\/\/www.facebook.com\/AYEXLEGAL","article_modified_time":"2020-03-02T10:24:11+00:00","twitter_card":"summary_large_image","twitter_misc":{"Tiempo de lectura":"2 minutos"},"schema":{"@context":"https:\/\/schema.org","@graph":[{"@type":"WebPage","@id":"https:\/\/ayex.es\/ayexlegal\/servicios-migratorios\/","url":"https:\/\/ayex.es\/ayexlegal\/servicios-migratorios\/","name":"Servicios migratorios - Ayex Legal - Servicios de inmigraci\u00f3n y relocation","isPartOf":{"@id":"https:\/\/ayex.es\/ayexlegal\/#website"},"datePublished":"2020-03-02T10:22:50+00:00","dateModified":"2020-03-02T10:24:11+00:00","description":"Abogados expertos en servicios de inmigraci\u00f3n, extranjer\u00eda y relocation para empresas y particulares.","breadcrumb":{"@id":"https:\/\/ayex.es\/ayexlegal\/servicios-migratorios\/#breadcrumb"},"inLanguage":"es","potentialAction":[{"@type":"ReadAction","target":["https:\/\/ayex.es\/ayexlegal\/servicios-migratorios\/"]}]},{"@type":"BreadcrumbList","@id":"https:\/\/ayex.es\/ayexlegal\/servicios-migratorios\/#breadcrumb","itemListElement":[{"@type":"ListItem","position":1,"name":"Portada","item":"https:\/\/ayex.es\/ayexlegal\/"},{"@type":"ListItem","position":2,"name":"Servicios migratorios"}]},{"@type":"WebSite","@id":"https:\/\/ayex.es\/ayexlegal\/#website","url":"https:\/\/ayex.es\/ayexlegal\/","name":"Ayex Legal - Servicios de inmigraci\u00f3n y relocation","description":"Despacho de abogados especialistas en servicios migratorios y relocation, expatriados, tarjetas de trabajo, tarjetas de estudiante, tarjetas de residencia y visados.","publisher":{"@id":"https:\/\/ayex.es\/ayexlegal\/#organization"},"potentialAction":[{"@type":"SearchAction","target":{"@type":"EntryPoint","urlTemplate":"https:\/\/ayex.es\/ayexlegal\/?s={search_term_string}"},"query-input":{"@type":"PropertyValueSpecification","valueRequired":true,"valueName":"search_term_string"}}],"inLanguage":"es"},{"@type":"Organization","@id":"https:\/\/ayex.es\/ayexlegal\/#organization","name":"Ayex Legal","url":"https:\/\/ayex.es\/ayexlegal\/","logo":{"@type":"ImageObject","inLanguage":"es","@id":"https:\/\/ayex.es\/ayexlegal\/#\/schema\/logo\/image\/","url":"https:\/\/www.ayex.es\/ayexlegal\/wp-content\/uploads\/2020\/01\/logo-web.png","contentUrl":"https:\/\/www.ayex.es\/ayexlegal\/wp-content\/uploads\/2020\/01\/logo-web.png","width":360,"height":130,"caption":"Ayex Legal"},"image":{"@id":"https:\/\/ayex.es\/ayexlegal\/#\/schema\/logo\/image\/"},"sameAs":["https:\/\/www.facebook.com\/AYEXLEGAL","http:\/\/www.linkedin.com\/company\/ayex-legal"]}]}},"post_mailing_queue_ids":[],"_links":{"self":[{"href":"https:\/\/ayex.es\/ayexlegal\/wp-json\/wp\/v2\/pages\/4151","targetHints":{"allow":["GET"]}}],"collection":[{"href":"https:\/\/ayex.es\/ayexlegal\/wp-json\/wp\/v2\/pages"}],"about":[{"href":"https:\/\/ayex.es\/ayexlegal\/wp-json\/wp\/v2\/types\/page"}],"author":[{"embeddable":true,"href":"https:\/\/ayex.es\/ayexlegal\/wp-json\/wp\/v2\/users\/1"}],"replies":[{"embeddable":true,"href":"https:\/\/ayex.es\/ayexlegal\/wp-json\/wp\/v2\/comments?post=4151"}],"version-history":[{"count":3,"href":"https:\/\/ayex.es\/ayexlegal\/wp-json\/wp\/v2\/pages\/4151\/revisions"}],"predecessor-version":[{"id":4155,"href":"https:\/\/ayex.es\/ayexlegal\/wp-json\/wp\/v2\/pages\/4151\/revisions\/4155"}],"wp:attachment":[{"href":"https:\/\/ayex.es\/ayexlegal\/wp-json\/wp\/v2\/media?parent=4151"}],"curies":[{"name":"wp","href":"https:\/\/api.w.org\/{rel}","templated":true}]}}